{"id":347810,"date":"2025-10-01T14:53:12","date_gmt":"2025-10-01T19:53:12","guid":{"rendered":"https:\/\/www.mgsmfg.com\/?page_id=347810"},"modified":"2025-10-01T16:23:34","modified_gmt":"2025-10-01T21:23:34","slug":"linea-directa-de-denuncia-de-irregularidades","status":"publish","type":"page","link":"https:\/\/www.mgsmfg.com\/es\/linea-directa-de-denuncia-de-irregularidades\/","title":{"rendered":"L\u00ednea directa de denuncia de irregularidades"},"content":{"rendered":"<p>[et_pb_section fb_built=\u00bb1&#8243; _builder_version=\u00bb4.23&#8243; _module_preset=\u00bbdefault\u00bb background_color=\u00bb#DDDDDF\u00bb locked=\u00bboff\u00bb global_colors_info=\u00bb{}\u00bb][et_pb_row _builder_version=\u00bb4.23&#8243; _module_preset=\u00bbdefault\u00bb global_colors_info=\u00bb{}\u00bb][et_pb_column type=\u00bb4_4&#8243; _builder_version=\u00bb4.23&#8243; _module_preset=\u00bbdefault\u00bb global_colors_info=\u00bb{}\u00bb][et_pb_text _builder_version=\u00bb4.27.4&#8243; _module_preset=\u00bbdefault\u00bb header_text_color=\u00bb#000000&#8243; header_font_size_tablet=\u00bb26px\u00bb header_font_size_phone=\u00bb22px\u00bb global_colors_info=\u00bb{}\u00bb]<\/p>\n<h1>Est\u00e1s entrando en nuestra l\u00ednea de denuncia de irregularidades<\/h1>\n<p>[\/et_pb_text][\/et_pb_column][\/et_pb_row][\/et_pb_section][et_pb_section fb_built=\u00bb1&#8243; _builder_version=\u00bb4.23&#8243; _module_preset=\u00bbdefault\u00bb locked=\u00bboff\u00bb global_colors_info=\u00bb{}\u00bb][et_pb_row _builder_version=\u00bb4.23&#8243; _module_preset=\u00bbdefault\u00bb global_colors_info=\u00bb{}\u00bb][et_pb_column type=\u00bb4_4&#8243; _builder_version=\u00bb4.23&#8243; _module_preset=\u00bbdefault\u00bb global_colors_info=\u00bb{}\u00bb][et_pb_text _builder_version=\u00bb4.27.4&#8243; _module_preset=\u00bbdefault\u00bb max_width=\u00bb850px\u00bb global_colors_info=\u00bb{}\u00bb]<\/p>\n<p>MGS se compromete a hacer negocios de forma legal, \u00e9tica y responsable. Hemos establecido una l\u00ednea directa de denuncia de irregularidades que permite a nuestros empleados y partes interesadas externas informar con seguridad de posibles problemas graves en el lugar de trabajo y de infracciones o irregularidades legales. La l\u00ednea directa de denuncia de irregularidades est\u00e1 alojada en IntegrityCounts, y ahora est\u00e1s a punto de entrar en esta plataforma.  <\/p>\n<p>[\/et_pb_text][et_pb_button button_url=\u00bbhttps:\/\/www.integritycounts.ca\/org\/mgs\u00bb url_new_window=\u00bbon\u00bb button_text=\u00bbAccede a nuestra l\u00ednea directa 24\/7&#8243; _builder_version=\u00bb4.27.4&#8243; _module_preset=\u00bbdefault\u00bb global_colors_info=\u00bb{}\u00bb][\/et_pb_button][\/et_pb_column][\/et_pb_row][\/et_pb_section]<\/p>\n","protected":false},"excerpt":{"rendered":"<p>Est\u00e1s entrando en nuestra l\u00ednea de denuncia de irregularidadesMGS se compromete a hacer negocios de forma legal, \u00e9tica y responsable. Hemos establecido una l\u00ednea directa de denuncia de irregularidades que permite a nuestros empleados y partes interesadas externas informar con seguridad de posibles problemas graves en el lugar de trabajo y de infracciones o irregularidades [&hellip;]<\/p>\n","protected":false},"author":1,"featured_media":0,"parent":0,"menu_order":0,"comment_status":"closed","ping_status":"closed","template":"","meta":{"_acf_changed":false,"_et_pb_use_builder":"on","_et_pb_old_content":"","_et_gb_content_width":"","footnotes":"","_links_to":"","_links_to_target":""},"difl_page_category":[],"class_list":["post-347810","page","type-page","status-publish","hentry"],"acf":[],"yoast_head":"<!-- This site is optimized with the Yoast SEO plugin v27.3 - https:\/\/yoast.com\/product\/yoast-seo-wordpress\/ -->\n<title>L\u00ednea directa de denuncia de irregularidades | MGS Healthcare Manufacturing<\/title>\n<meta name=\"robots\" content=\"index, follow, max-snippet:-1, max-image-preview:large, max-video-preview:-1\" \/>\n<link rel=\"canonical\" href=\"https:\/\/www.mgsmfg.com\/es\/linea-directa-de-denuncia-de-irregularidades\/\" \/>\n<meta property=\"og:locale\" content=\"es_ES\" \/>\n<meta property=\"og:type\" content=\"article\" \/>\n<meta property=\"og:title\" content=\"L\u00ednea directa de denuncia de irregularidades | MGS Healthcare Manufacturing\" \/>\n<meta property=\"og:description\" content=\"Est\u00e1s entrando en nuestra l\u00ednea de denuncia de irregularidadesMGS se compromete a hacer negocios de forma legal, \u00e9tica y responsable. Hemos establecido una l\u00ednea directa de denuncia de irregularidades que permite a nuestros empleados y partes interesadas externas informar con seguridad de posibles problemas graves en el lugar de trabajo y de infracciones o irregularidades [&hellip;]\" \/>\n<meta property=\"og:url\" content=\"https:\/\/www.mgsmfg.com\/es\/linea-directa-de-denuncia-de-irregularidades\/\" \/>\n<meta property=\"og:site_name\" content=\"MGS Healthcare Manufacturing\" \/>\n<meta property=\"article:publisher\" content=\"https:\/\/www.facebook.com\/MGS-Mfg-Group-Inc-527848147407768\/\" \/>\n<meta property=\"article:modified_time\" content=\"2025-10-01T21:23:34+00:00\" \/>\n<meta property=\"og:image\" content=\"https:\/\/www.mgsmfg.com\/wp-content\/uploads\/2023\/11\/mgs-healthcare-manufacturing-featured-image-3.jpg\" \/>\n\t<meta property=\"og:image:width\" content=\"1200\" \/>\n\t<meta property=\"og:image:height\" content=\"675\" \/>\n\t<meta property=\"og:image:type\" content=\"image\/jpeg\" \/>\n<meta name=\"twitter:card\" content=\"summary_large_image\" \/>\n<meta name=\"twitter:label1\" content=\"Tiempo de lectura\" \/>\n\t<meta name=\"twitter:data1\" content=\"1 minuto\" \/>\n<script type=\"application\/ld+json\" class=\"yoast-schema-graph\">{\"@context\":\"https:\\\/\\\/schema.org\",\"@graph\":[{\"@type\":\"WebPage\",\"@id\":\"https:\\\/\\\/www.mgsmfg.com\\\/es\\\/linea-directa-de-denuncia-de-irregularidades\\\/\",\"url\":\"https:\\\/\\\/www.mgsmfg.com\\\/es\\\/linea-directa-de-denuncia-de-irregularidades\\\/\",\"name\":\"L\u00ednea directa de denuncia de irregularidades | MGS Healthcare Manufacturing\",\"isPartOf\":{\"@id\":\"https:\\\/\\\/mgsmfg.staging.tempurl.host\\\/#website\"},\"datePublished\":\"2025-10-01T19:53:12+00:00\",\"dateModified\":\"2025-10-01T21:23:34+00:00\",\"breadcrumb\":{\"@id\":\"https:\\\/\\\/www.mgsmfg.com\\\/es\\\/linea-directa-de-denuncia-de-irregularidades\\\/#breadcrumb\"},\"inLanguage\":\"es\",\"potentialAction\":[{\"@type\":\"ReadAction\",\"target\":[\"https:\\\/\\\/www.mgsmfg.com\\\/es\\\/linea-directa-de-denuncia-de-irregularidades\\\/\"]}]},{\"@type\":\"BreadcrumbList\",\"@id\":\"https:\\\/\\\/www.mgsmfg.com\\\/es\\\/linea-directa-de-denuncia-de-irregularidades\\\/#breadcrumb\",\"itemListElement\":[{\"@type\":\"ListItem\",\"position\":1,\"name\":\"Home\",\"item\":\"https:\\\/\\\/www.mgsmfg.com\\\/es\\\/\"},{\"@type\":\"ListItem\",\"position\":2,\"name\":\"L\u00ednea directa de denuncia de irregularidades\",\"item\":\"https:\\\/\\\/www.mgsmfg.com\\\/es\\\/linea-directa-de-denuncia-de-irregularidades\\\/\"}]},{\"@type\":\"WebSite\",\"@id\":\"https:\\\/\\\/mgsmfg.staging.tempurl.host\\\/#website\",\"url\":\"https:\\\/\\\/mgsmfg.staging.tempurl.host\\\/\",\"name\":\"MGS\",\"description\":\"Imagination to Realization\",\"publisher\":{\"@id\":\"https:\\\/\\\/mgsmfg.staging.tempurl.host\\\/#organization\"},\"potentialAction\":[{\"@type\":\"SearchAction\",\"target\":{\"@type\":\"EntryPoint\",\"urlTemplate\":\"https:\\\/\\\/mgsmfg.staging.tempurl.host\\\/?s={search_term_string}\"},\"query-input\":{\"@type\":\"PropertyValueSpecification\",\"valueRequired\":true,\"valueName\":\"search_term_string\"}}],\"inLanguage\":\"es\"},{\"@type\":\"Organization\",\"@id\":\"https:\\\/\\\/mgsmfg.staging.tempurl.host\\\/#organization\",\"name\":\"MGS\",\"url\":\"https:\\\/\\\/mgsmfg.staging.tempurl.host\\\/\",\"logo\":{\"@type\":\"ImageObject\",\"inLanguage\":\"es\",\"@id\":\"https:\\\/\\\/mgsmfg.staging.tempurl.host\\\/#\\\/schema\\\/logo\\\/image\\\/\",\"url\":\"https:\\\/\\\/www.mgsmfg.com\\\/wp-content\\\/uploads\\\/2023\\\/11\\\/MGS-Logo-Horizontal-Final-RGB-450X90.png\",\"contentUrl\":\"https:\\\/\\\/www.mgsmfg.com\\\/wp-content\\\/uploads\\\/2023\\\/11\\\/MGS-Logo-Horizontal-Final-RGB-450X90.png\",\"width\":450,\"height\":90,\"caption\":\"MGS\"},\"image\":{\"@id\":\"https:\\\/\\\/mgsmfg.staging.tempurl.host\\\/#\\\/schema\\\/logo\\\/image\\\/\"},\"sameAs\":[\"https:\\\/\\\/www.facebook.com\\\/MGS-Mfg-Group-Inc-527848147407768\\\/\"]}]}<\/script>\n<!-- \/ Yoast SEO plugin. -->","yoast_head_json":{"title":"L\u00ednea directa de denuncia de irregularidades | MGS Healthcare Manufacturing","robots":{"index":"index","follow":"follow","max-snippet":"max-snippet:-1","max-image-preview":"max-image-preview:large","max-video-preview":"max-video-preview:-1"},"canonical":"https:\/\/www.mgsmfg.com\/es\/linea-directa-de-denuncia-de-irregularidades\/","og_locale":"es_ES","og_type":"article","og_title":"L\u00ednea directa de denuncia de irregularidades | MGS Healthcare Manufacturing","og_description":"Est\u00e1s entrando en nuestra l\u00ednea de denuncia de irregularidadesMGS se compromete a hacer negocios de forma legal, \u00e9tica y responsable. Hemos establecido una l\u00ednea directa de denuncia de irregularidades que permite a nuestros empleados y partes interesadas externas informar con seguridad de posibles problemas graves en el lugar de trabajo y de infracciones o irregularidades [&hellip;]","og_url":"https:\/\/www.mgsmfg.com\/es\/linea-directa-de-denuncia-de-irregularidades\/","og_site_name":"MGS Healthcare Manufacturing","article_publisher":"https:\/\/www.facebook.com\/MGS-Mfg-Group-Inc-527848147407768\/","article_modified_time":"2025-10-01T21:23:34+00:00","og_image":[{"width":1200,"height":675,"url":"https:\/\/www.mgsmfg.com\/wp-content\/uploads\/2023\/11\/mgs-healthcare-manufacturing-featured-image-3.jpg","type":"image\/jpeg"}],"twitter_card":"summary_large_image","twitter_misc":{"Tiempo de lectura":"1 minuto"},"schema":{"@context":"https:\/\/schema.org","@graph":[{"@type":"WebPage","@id":"https:\/\/www.mgsmfg.com\/es\/linea-directa-de-denuncia-de-irregularidades\/","url":"https:\/\/www.mgsmfg.com\/es\/linea-directa-de-denuncia-de-irregularidades\/","name":"L\u00ednea directa de denuncia de irregularidades | MGS Healthcare Manufacturing","isPartOf":{"@id":"https:\/\/mgsmfg.staging.tempurl.host\/#website"},"datePublished":"2025-10-01T19:53:12+00:00","dateModified":"2025-10-01T21:23:34+00:00","breadcrumb":{"@id":"https:\/\/www.mgsmfg.com\/es\/linea-directa-de-denuncia-de-irregularidades\/#breadcrumb"},"inLanguage":"es","potentialAction":[{"@type":"ReadAction","target":["https:\/\/www.mgsmfg.com\/es\/linea-directa-de-denuncia-de-irregularidades\/"]}]},{"@type":"BreadcrumbList","@id":"https:\/\/www.mgsmfg.com\/es\/linea-directa-de-denuncia-de-irregularidades\/#breadcrumb","itemListElement":[{"@type":"ListItem","position":1,"name":"Home","item":"https:\/\/www.mgsmfg.com\/es\/"},{"@type":"ListItem","position":2,"name":"L\u00ednea directa de denuncia de irregularidades","item":"https:\/\/www.mgsmfg.com\/es\/linea-directa-de-denuncia-de-irregularidades\/"}]},{"@type":"WebSite","@id":"https:\/\/mgsmfg.staging.tempurl.host\/#website","url":"https:\/\/mgsmfg.staging.tempurl.host\/","name":"MGS","description":"Imagination to Realization","publisher":{"@id":"https:\/\/mgsmfg.staging.tempurl.host\/#organization"},"potentialAction":[{"@type":"SearchAction","target":{"@type":"EntryPoint","urlTemplate":"https:\/\/mgsmfg.staging.tempurl.host\/?s={search_term_string}"},"query-input":{"@type":"PropertyValueSpecification","valueRequired":true,"valueName":"search_term_string"}}],"inLanguage":"es"},{"@type":"Organization","@id":"https:\/\/mgsmfg.staging.tempurl.host\/#organization","name":"MGS","url":"https:\/\/mgsmfg.staging.tempurl.host\/","logo":{"@type":"ImageObject","inLanguage":"es","@id":"https:\/\/mgsmfg.staging.tempurl.host\/#\/schema\/logo\/image\/","url":"https:\/\/www.mgsmfg.com\/wp-content\/uploads\/2023\/11\/MGS-Logo-Horizontal-Final-RGB-450X90.png","contentUrl":"https:\/\/www.mgsmfg.com\/wp-content\/uploads\/2023\/11\/MGS-Logo-Horizontal-Final-RGB-450X90.png","width":450,"height":90,"caption":"MGS"},"image":{"@id":"https:\/\/mgsmfg.staging.tempurl.host\/#\/schema\/logo\/image\/"},"sameAs":["https:\/\/www.facebook.com\/MGS-Mfg-Group-Inc-527848147407768\/"]}]}},"_links":{"self":[{"href":"https:\/\/www.mgsmfg.com\/es\/wp-json\/wp\/v2\/pages\/347810","targetHints":{"allow":["GET"]}}],"collection":[{"href":"https:\/\/www.mgsmfg.com\/es\/wp-json\/wp\/v2\/pages"}],"about":[{"href":"https:\/\/www.mgsmfg.com\/es\/wp-json\/wp\/v2\/types\/page"}],"author":[{"embeddable":true,"href":"https:\/\/www.mgsmfg.com\/es\/wp-json\/wp\/v2\/users\/1"}],"replies":[{"embeddable":true,"href":"https:\/\/www.mgsmfg.com\/es\/wp-json\/wp\/v2\/comments?post=347810"}],"version-history":[{"count":12,"href":"https:\/\/www.mgsmfg.com\/es\/wp-json\/wp\/v2\/pages\/347810\/revisions"}],"predecessor-version":[{"id":347830,"href":"https:\/\/www.mgsmfg.com\/es\/wp-json\/wp\/v2\/pages\/347810\/revisions\/347830"}],"wp:attachment":[{"href":"https:\/\/www.mgsmfg.com\/es\/wp-json\/wp\/v2\/media?parent=347810"}],"wp:term":[{"taxonomy":"difl_page_category","embeddable":true,"href":"https:\/\/www.mgsmfg.com\/es\/wp-json\/wp\/v2\/difl_page_category?post=347810"}],"curies":[{"name":"wp","href":"https:\/\/api.w.org\/{rel}","templated":true}]}}