{"id":339640,"date":"2024-09-23T16:17:47","date_gmt":"2024-09-23T21:17:47","guid":{"rendered":"https:\/\/www.mgsmfg.com\/quienes-somos\/sostenibilidad\/formulario-de-diversidad-de-proveedores\/"},"modified":"2025-05-29T10:05:34","modified_gmt":"2025-05-29T15:05:34","slug":"formulario-de-diversidad-de-proveedores","status":"publish","type":"page","link":"https:\/\/www.mgsmfg.com\/es\/quienes-somos\/sostenibilidad\/formulario-de-diversidad-de-proveedores\/","title":{"rendered":"Formulario para la inclusi\u00f3n de diversidad de proveedores"},"content":{"rendered":"<p>[et_pb_section fb_built=\u00bb1&#8243; custom_padding_last_edited=\u00bbon|desktop\u00bb _builder_version=\u00bb4.23&#8243; _module_preset=\u00bbdefault\u00bb background_image=\u00bbhttps:\/\/www.mgsmfg.com\/wp-content\/uploads\/2023\/10\/mgs-icon-watermark.png\u00bb background_size=\u00bbcontain\u00bb background_position=\u00bbcenter_right\u00bb custom_padding=\u00bb100px||100px||true|false\u00bb custom_padding_tablet=\u00bb60px||60px||false|false\u00bb custom_padding_phone=\u00bb60px||60px||false|false\u00bb locked=\u00bboff\u00bb global_colors_info=\u00bb{}\u00bb][et_pb_row use_custom_gutter=\u00bbon\u00bb gutter_width=\u00bb4&#8243; make_equal=\u00bbon\u00bb _builder_version=\u00bb4.25.0&#8243; _module_preset=\u00bbdefault\u00bb animation_direction=\u00bbbottom\u00bb scroll_vertical_motion=\u00bb34|50|50|65|1|0|-1&#8243; motion_trigger_start=\u00bbbottom\u00bb global_colors_info=\u00bb{}\u00bb][et_pb_column type=\u00bb4_4&#8243; _builder_version=\u00bb4.23&#8243; _module_preset=\u00bbdefault\u00bb global_colors_info=\u00bb{}\u00bb][et_pb_text content_last_edited=\u00bboff|desktop\u00bb disabled_on=\u00bboff|off|off\u00bb _builder_version=\u00bb4.27.0&#8243; _module_preset=\u00bbdefault\u00bb text_font=\u00bb|600||on|||||\u00bb text_text_color=\u00bb#0063BE\u00bb text_font_size=\u00bb15px\u00bb header_font=\u00bb|||on|||||\u00bb custom_margin=\u00bb||0px||false|false\u00bb locked=\u00bboff\u00bb global_colors_info=\u00bb{}\u00bb]<\/p>\n<p style=\"text-align: center;\" id=\"breadcrumbs\"><a href=\"https:\/\/www.mgsmfg.com\/es\/quienes-somos\/\">Qui\u00e9nes somos<\/a><span>\u2022<\/span><a href=\"https:\/\/www.mgsmfg.com\/es\/quienes-somos\/sostenibilidad\/\">Sostenibilidad<\/a><span>\u2022<\/span><span>Formulario para la inclusi\u00f3n de diversidad de proveedores<\/span><\/p>\n<p>[\/et_pb_text][et_pb_text _builder_version=\u00bb4.27.0&#8243; _module_preset=\u00bbdefault\u00bb header_line_height=\u00bb1.5em\u00bb text_orientation=\u00bbcenter\u00bb max_width=\u00bb900px\u00bb module_alignment=\u00bbcenter\u00bb global_colors_info=\u00bb{}\u00bb]<\/p>\n<h1 style=\"margin-bottom: 30px;\">Perfil de autocertificaci\u00f3n de diversidad de proveedores<\/h1>\n<p>El Programa de Inclusi\u00f3n de Diversidad de Proveedores de MGS identifica a las empresas peque\u00f1as, seg\u00fan la definici\u00f3n de la Small Business Administration (SBA), y\/o a las empresas propiedad de diversos grupos, entendidas como aquellas que son al menos 51% propiedad y est\u00e1n operadas por miembros de grupos \u00e9tnicos minoritarios, mujeres, veteranos, miembros de la comunidad LGBTQ+ y personas con discapacidades.<\/p>\n<p>[\/et_pb_text][\/et_pb_column][\/et_pb_row][\/et_pb_section][et_pb_section fb_built=\u00bb1&#8243; _builder_version=\u00bb4.27.0&#8243; _module_preset=\u00bbdefault\u00bb background_color=\u00bb#DDDDDF\u00bb global_colors_info=\u00bb{}\u00bb][et_pb_row _builder_version=\u00bb4.27.0&#8243; _module_preset=\u00bbdefault\u00bb max_width=\u00bb900px\u00bb module_alignment=\u00bbcenter\u00bb global_colors_info=\u00bb{}\u00bb][et_pb_column type=\u00bb4_4&#8243; _builder_version=\u00bb4.27.0&#8243; _module_preset=\u00bbdefault\u00bb global_colors_info=\u00bb{}\u00bb][et_pb_text _builder_version=\u00bb4.27.0&#8243; _module_preset=\u00bbdefault\u00bb header_line_height=\u00bb1.5em\u00bb text_orientation=\u00bbcenter\u00bb max_width=\u00bb900px\u00bb module_alignment=\u00bbcenter\u00bb global_colors_info=\u00bb{}\u00bb]<\/p>\n<p><strong>Al completar la informaci\u00f3n que se muestra a continuaci\u00f3n, nos ayudas a mantener nuestro compromiso con la equidad y la inclusi\u00f3n. <br \/>Si tienes alguna pregunta, <a href=\"https:\/\/www.mgsmfg.com\/es\/contactanos\/\">ponte en contacto con nosotros<\/a>.<\/strong> <\/p>\n<p>[\/et_pb_text][et_pb_code _builder_version=\u00bb4.27.0&#8243; _module_preset=\u00bbdefault\u00bb global_colors_info=\u00bb{}\u00bb]<iframe src=\"https:\/\/go.mgsmfg.com\/l\/1043671\/2024-08-28\/5351x9\" width=\"100%\" height=\"1100\" type=\"text\/html\" frameborder=\"0\" allowtransparency=\"true\" style=\"border: 0\"><\/iframe>[\/et_pb_code][\/et_pb_column][\/et_pb_row][\/et_pb_section][et_pb_section fb_built=\u00bb1&#8243; _builder_version=\u00bb4.23&#8243; _module_preset=\u00bbdefault\u00bb use_background_color_gradient=\u00bbon\u00bb background_color_gradient_direction=\u00bb90deg\u00bb background_color_gradient_stops=\u00bb#efefef 50%|#00325b 50%\u00bb background_color_tablet=\u00bb#efefef\u00bb background_last_edited=\u00bbon|tablet\u00bb background_enable_color_tablet=\u00bbon\u00bb use_background_color_gradient_tablet=\u00bboff\u00bb saved_tabs=\u00bball\u00bb locked=\u00bboff\u00bb global_colors_info=\u00bb{}\u00bb][et_pb_row column_structure=\u00bb1_2,1_2&#8243; make_equal=\u00bbon\u00bb custom_padding_last_edited=\u00bbon|tablet\u00bb _builder_version=\u00bb4.24.3&#8243; _module_preset=\u00bbdefault\u00bb custom_padding_tablet=\u00bb||0px||false|false\u00bb custom_padding_phone=\u00bb||0px||false|false\u00bb custom_css_main_element=\u00bbalign-items: center;\u00bb global_colors_info=\u00bb{}\u00bb custom_css_main_element_last_edited=\u00bbon|tablet\u00bb custom_css_main_element_tablet=\u00bbdisplay: flex;||flex-direction: column-reverse;\u00bb custom_css_main_element_phone=\u00bbdisplay: flex;||flex-direction: column-reverse;\u00bb][et_pb_column type=\u00bb1_2&#8243; _builder_version=\u00bb4.19.4&#8243; _module_preset=\u00bbdefault\u00bb global_colors_info=\u00bb{}\u00bb][et_pb_text _builder_version=\u00bb4.25.1&#8243; _module_preset=\u00bbdefault\u00bb header_3_text_color=\u00bb#333333&#8243; header_4_font=\u00bb|||on|||||\u00bb header_4_text_color=\u00bb#0063BE\u00bb custom_margin=\u00bb||30px||false|false\u00bb global_colors_info=\u00bb{}\u00bb]<\/p>\n<h4 style=\"text-align: center;\">\u00a1MANTENTE ADELANTE DE LA COMPETENCIA CON INNOVACIONES Y CONOCIMIENTOS DE MGS!<\/h4>\n<p>[\/et_pb_text][et_pb_text _builder_version=\u00bb4.24.3&#8243; _module_preset=\u00bbdefault\u00bb header_3_text_color=\u00bb#333333&#8243; header_3_line_height=\u00bb1.4em\u00bb header_4_font=\u00bb|||on|||||\u00bb max_width=\u00bb450px\u00bb module_alignment=\u00bbcenter\u00bb custom_margin=\u00bb||30px||false|false\u00bb global_colors_info=\u00bb{}\u00bb]<\/p>\n<h3 style=\"text-align: center;\">S\u00edguenos en las redes sociales para enterarte de los \u00faltimos acontecimientos, avances y noticias de nuestro equipo global de MGS.<\/h3>\n<p>[\/et_pb_text][et_pb_social_media_follow icon_color=\u00bb#00325B\u00bb use_icon_font_size=\u00bbon\u00bb icon_font_size=\u00bb20px\u00bb module_class=\u00bbinline-follow\u00bb _builder_version=\u00bb4.24.3&#8243; _module_preset=\u00bbdefault\u00bb text_orientation=\u00bbcenter\u00bb custom_css_social_icon=\u00bbbackground-color: transparent !important;||border: 2px solid #00325b;||border-radius: 50%;\u00bb locked=\u00bboff\u00bb global_colors_info=\u00bb{}\u00bb icon_color__hover_enabled=\u00bbon|hover\u00bb icon_color__hover=\u00bb#ffffff\u00bb][et_pb_social_media_follow_network social_network=\u00bbyoutube\u00bb url=\u00bbhttps:\/\/www.youtube.com\/@mgsmfg.groupinc.5491\/videos\u00bb _builder_version=\u00bb4.24.3&#8243; _module_preset=\u00bbdefault\u00bb background_color=\u00bb#4482DA\u00bb background_enable_color=\u00bbon\u00bb global_colors_info=\u00bb{}\u00bb follow_button=\u00bboff\u00bb url_new_window=\u00bbon\u00bb]youtube[\/et_pb_social_media_follow_network][et_pb_social_media_follow_network social_network=\u00bblinkedin\u00bb url=\u00bbhttps:\/\/www.linkedin.com\/company\/mgs-mfg-group\u00bb _builder_version=\u00bb4.23&#8243; _module_preset=\u00bbdefault\u00bb background_color=\u00bb#007bb6&#8243; global_colors_info=\u00bb{}\u00bb follow_button=\u00bboff\u00bb url_new_window=\u00bbon\u00bb]linkedin[\/et_pb_social_media_follow_network][et_pb_social_media_follow_network social_network=\u00bbfacebook\u00bb url=\u00bbhttps:\/\/www.facebook.com\/MGS-Mfg-Group-Inc-527848147407768\/\u00bb _builder_version=\u00bb4.23.1&#8243; _module_preset=\u00bbdefault\u00bb background_color=\u00bb#3b5998&#8243; global_colors_info=\u00bb{}\u00bb follow_button=\u00bboff\u00bb url_new_window=\u00bbon\u00bb]facebook[\/et_pb_social_media_follow_network][\/et_pb_social_media_follow][\/et_pb_column][et_pb_column type=\u00bb1_2&#8243; _builder_version=\u00bb4.23&#8243; _module_preset=\u00bbdefault\u00bb global_colors_info=\u00bb{}\u00bb][et_pb_image src=\u00bbhttps:\/\/www.mgsmfg.com\/wp-content\/uploads\/2024\/05\/MGS-ESG-social-connect-cta.jpg\u00bb alt=\u00bbRedes sociales MGS\u00bb title_text=\u00bbRedes sociales MGS\u00bb _builder_version=\u00bb4.25.0&#8243; _module_preset=\u00bbdefault\u00bb max_width=\u00bb350px\u00bb module_alignment=\u00bbcenter\u00bb custom_padding_tablet=\u00bb||30px||false|false\u00bb custom_padding_phone=\u00bb||30px||false|false\u00bb custom_padding_last_edited=\u00bbon|tablet\u00bb global_colors_info=\u00bb{}\u00bb][\/et_pb_image][\/et_pb_column][\/et_pb_row][\/et_pb_section]<\/p>\n","protected":false},"excerpt":{"rendered":"<p>Qui\u00e9nes somos\u2022Sostenibilidad\u2022Formulario para la inclusi\u00f3n de diversidad de proveedoresPerfil de autocertificaci\u00f3n de diversidad de proveedores El Programa de Inclusi\u00f3n de Diversidad de Proveedores de MGS identifica a las empresas peque\u00f1as, seg\u00fan la definici\u00f3n de la Small Business Administration (SBA), y\/o a las empresas propiedad de diversos grupos, entendidas como aquellas que son al menos 51% [&hellip;]<\/p>\n","protected":false},"author":1,"featured_media":0,"parent":339621,"menu_order":0,"comment_status":"closed","ping_status":"closed","template":"","meta":{"_acf_changed":false,"_et_pb_use_builder":"on","_et_pb_old_content":"","_et_gb_content_width":"","footnotes":"","_links_to":"","_links_to_target":""},"difl_page_category":[],"class_list":["post-339640","page","type-page","status-publish","hentry"],"acf":[],"yoast_head":"<!-- This site is optimized with the Yoast SEO plugin v27.3 - https:\/\/yoast.com\/product\/yoast-seo-wordpress\/ -->\n<title>Formulario para la inclusi\u00f3n de diversidad de proveedores | MGS Healthcare Manufacturing<\/title>\n<meta name=\"robots\" content=\"noindex, follow\" \/>\n<meta property=\"og:locale\" content=\"es_ES\" \/>\n<meta property=\"og:type\" content=\"article\" \/>\n<meta property=\"og:title\" content=\"Formulario para la inclusi\u00f3n de diversidad de proveedores | MGS Healthcare Manufacturing\" \/>\n<meta property=\"og:description\" content=\"Qui\u00e9nes somos\u2022Sostenibilidad\u2022Formulario para la inclusi\u00f3n de diversidad de proveedoresPerfil de autocertificaci\u00f3n de diversidad de proveedores El Programa de Inclusi\u00f3n de Diversidad de Proveedores de MGS identifica a las empresas peque\u00f1as, seg\u00fan la definici\u00f3n de la Small Business Administration (SBA), y\/o a las empresas propiedad de diversos grupos, entendidas como aquellas que son al menos 51% [&hellip;]\" \/>\n<meta property=\"og:url\" content=\"https:\/\/www.mgsmfg.com\/es\/quienes-somos\/sostenibilidad\/formulario-de-diversidad-de-proveedores\/\" \/>\n<meta property=\"og:site_name\" content=\"MGS Healthcare Manufacturing\" \/>\n<meta property=\"article:publisher\" content=\"https:\/\/www.facebook.com\/MGS-Mfg-Group-Inc-527848147407768\/\" \/>\n<meta property=\"article:modified_time\" content=\"2025-05-29T15:05:34+00:00\" \/>\n<meta property=\"og:image\" content=\"https:\/\/www.mgsmfg.com\/wp-content\/uploads\/2023\/11\/mgs-healthcare-manufacturing-featured-image-3.jpg\" \/>\n\t<meta property=\"og:image:width\" content=\"1200\" \/>\n\t<meta property=\"og:image:height\" content=\"675\" \/>\n\t<meta property=\"og:image:type\" content=\"image\/jpeg\" \/>\n<meta name=\"twitter:card\" content=\"summary_large_image\" \/>\n<meta name=\"twitter:label1\" content=\"Tiempo de lectura\" \/>\n\t<meta name=\"twitter:data1\" content=\"4 minutos\" \/>\n<script type=\"application\/ld+json\" class=\"yoast-schema-graph\">{\"@context\":\"https:\\\/\\\/schema.org\",\"@graph\":[{\"@type\":\"WebPage\",\"@id\":\"https:\\\/\\\/www.mgsmfg.com\\\/es\\\/quienes-somos\\\/sostenibilidad\\\/formulario-de-diversidad-de-proveedores\\\/\",\"url\":\"https:\\\/\\\/www.mgsmfg.com\\\/es\\\/quienes-somos\\\/sostenibilidad\\\/formulario-de-diversidad-de-proveedores\\\/\",\"name\":\"Formulario para la inclusi\u00f3n de diversidad de proveedores | MGS Healthcare Manufacturing\",\"isPartOf\":{\"@id\":\"https:\\\/\\\/mgsmfg.staging.tempurl.host\\\/#website\"},\"datePublished\":\"2024-09-23T21:17:47+00:00\",\"dateModified\":\"2025-05-29T15:05:34+00:00\",\"breadcrumb\":{\"@id\":\"https:\\\/\\\/www.mgsmfg.com\\\/es\\\/quienes-somos\\\/sostenibilidad\\\/formulario-de-diversidad-de-proveedores\\\/#breadcrumb\"},\"inLanguage\":\"es\",\"potentialAction\":[{\"@type\":\"ReadAction\",\"target\":[\"https:\\\/\\\/www.mgsmfg.com\\\/es\\\/quienes-somos\\\/sostenibilidad\\\/formulario-de-diversidad-de-proveedores\\\/\"]}]},{\"@type\":\"BreadcrumbList\",\"@id\":\"https:\\\/\\\/www.mgsmfg.com\\\/es\\\/quienes-somos\\\/sostenibilidad\\\/formulario-de-diversidad-de-proveedores\\\/#breadcrumb\",\"itemListElement\":[{\"@type\":\"ListItem\",\"position\":1,\"name\":\"Home\",\"item\":\"https:\\\/\\\/www.mgsmfg.com\\\/es\\\/\"},{\"@type\":\"ListItem\",\"position\":2,\"name\":\"Qui\u00e9nes somos\",\"item\":\"https:\\\/\\\/www.mgsmfg.com\\\/es\\\/quienes-somos\\\/\"},{\"@type\":\"ListItem\",\"position\":3,\"name\":\"Sostenibilidad\",\"item\":\"https:\\\/\\\/www.mgsmfg.com\\\/es\\\/quienes-somos\\\/sostenibilidad\\\/\"},{\"@type\":\"ListItem\",\"position\":4,\"name\":\"Formulario para la inclusi\u00f3n de diversidad de proveedores\",\"item\":\"https:\\\/\\\/www.mgsmfg.com\\\/es\\\/quienes-somos\\\/sostenibilidad\\\/formulario-de-diversidad-de-proveedores\\\/\"}]},{\"@type\":\"WebSite\",\"@id\":\"https:\\\/\\\/mgsmfg.staging.tempurl.host\\\/#website\",\"url\":\"https:\\\/\\\/mgsmfg.staging.tempurl.host\\\/\",\"name\":\"MGS\",\"description\":\"Imagination to Realization\",\"publisher\":{\"@id\":\"https:\\\/\\\/mgsmfg.staging.tempurl.host\\\/#organization\"},\"potentialAction\":[{\"@type\":\"SearchAction\",\"target\":{\"@type\":\"EntryPoint\",\"urlTemplate\":\"https:\\\/\\\/mgsmfg.staging.tempurl.host\\\/?s={search_term_string}\"},\"query-input\":{\"@type\":\"PropertyValueSpecification\",\"valueRequired\":true,\"valueName\":\"search_term_string\"}}],\"inLanguage\":\"es\"},{\"@type\":\"Organization\",\"@id\":\"https:\\\/\\\/mgsmfg.staging.tempurl.host\\\/#organization\",\"name\":\"MGS\",\"url\":\"https:\\\/\\\/mgsmfg.staging.tempurl.host\\\/\",\"logo\":{\"@type\":\"ImageObject\",\"inLanguage\":\"es\",\"@id\":\"https:\\\/\\\/mgsmfg.staging.tempurl.host\\\/#\\\/schema\\\/logo\\\/image\\\/\",\"url\":\"https:\\\/\\\/www.mgsmfg.com\\\/wp-content\\\/uploads\\\/2023\\\/11\\\/MGS-Logo-Horizontal-Final-RGB-450X90.png\",\"contentUrl\":\"https:\\\/\\\/www.mgsmfg.com\\\/wp-content\\\/uploads\\\/2023\\\/11\\\/MGS-Logo-Horizontal-Final-RGB-450X90.png\",\"width\":450,\"height\":90,\"caption\":\"MGS\"},\"image\":{\"@id\":\"https:\\\/\\\/mgsmfg.staging.tempurl.host\\\/#\\\/schema\\\/logo\\\/image\\\/\"},\"sameAs\":[\"https:\\\/\\\/www.facebook.com\\\/MGS-Mfg-Group-Inc-527848147407768\\\/\"]}]}<\/script>\n<!-- \/ Yoast SEO plugin. -->","yoast_head_json":{"title":"Formulario para la inclusi\u00f3n de diversidad de proveedores | MGS Healthcare Manufacturing","robots":{"index":"noindex","follow":"follow"},"og_locale":"es_ES","og_type":"article","og_title":"Formulario para la inclusi\u00f3n de diversidad de proveedores | MGS Healthcare Manufacturing","og_description":"Qui\u00e9nes somos\u2022Sostenibilidad\u2022Formulario para la inclusi\u00f3n de diversidad de proveedoresPerfil de autocertificaci\u00f3n de diversidad de proveedores El Programa de Inclusi\u00f3n de Diversidad de Proveedores de MGS identifica a las empresas peque\u00f1as, seg\u00fan la definici\u00f3n de la Small Business Administration (SBA), y\/o a las empresas propiedad de diversos grupos, entendidas como aquellas que son al menos 51% [&hellip;]","og_url":"https:\/\/www.mgsmfg.com\/es\/quienes-somos\/sostenibilidad\/formulario-de-diversidad-de-proveedores\/","og_site_name":"MGS Healthcare Manufacturing","article_publisher":"https:\/\/www.facebook.com\/MGS-Mfg-Group-Inc-527848147407768\/","article_modified_time":"2025-05-29T15:05:34+00:00","og_image":[{"width":1200,"height":675,"url":"https:\/\/www.mgsmfg.com\/wp-content\/uploads\/2023\/11\/mgs-healthcare-manufacturing-featured-image-3.jpg","type":"image\/jpeg"}],"twitter_card":"summary_large_image","twitter_misc":{"Tiempo de lectura":"4 minutos"},"schema":{"@context":"https:\/\/schema.org","@graph":[{"@type":"WebPage","@id":"https:\/\/www.mgsmfg.com\/es\/quienes-somos\/sostenibilidad\/formulario-de-diversidad-de-proveedores\/","url":"https:\/\/www.mgsmfg.com\/es\/quienes-somos\/sostenibilidad\/formulario-de-diversidad-de-proveedores\/","name":"Formulario para la inclusi\u00f3n de diversidad de proveedores | MGS Healthcare Manufacturing","isPartOf":{"@id":"https:\/\/mgsmfg.staging.tempurl.host\/#website"},"datePublished":"2024-09-23T21:17:47+00:00","dateModified":"2025-05-29T15:05:34+00:00","breadcrumb":{"@id":"https:\/\/www.mgsmfg.com\/es\/quienes-somos\/sostenibilidad\/formulario-de-diversidad-de-proveedores\/#breadcrumb"},"inLanguage":"es","potentialAction":[{"@type":"ReadAction","target":["https:\/\/www.mgsmfg.com\/es\/quienes-somos\/sostenibilidad\/formulario-de-diversidad-de-proveedores\/"]}]},{"@type":"BreadcrumbList","@id":"https:\/\/www.mgsmfg.com\/es\/quienes-somos\/sostenibilidad\/formulario-de-diversidad-de-proveedores\/#breadcrumb","itemListElement":[{"@type":"ListItem","position":1,"name":"Home","item":"https:\/\/www.mgsmfg.com\/es\/"},{"@type":"ListItem","position":2,"name":"Qui\u00e9nes somos","item":"https:\/\/www.mgsmfg.com\/es\/quienes-somos\/"},{"@type":"ListItem","position":3,"name":"Sostenibilidad","item":"https:\/\/www.mgsmfg.com\/es\/quienes-somos\/sostenibilidad\/"},{"@type":"ListItem","position":4,"name":"Formulario para la inclusi\u00f3n de diversidad de proveedores","item":"https:\/\/www.mgsmfg.com\/es\/quienes-somos\/sostenibilidad\/formulario-de-diversidad-de-proveedores\/"}]},{"@type":"WebSite","@id":"https:\/\/mgsmfg.staging.tempurl.host\/#website","url":"https:\/\/mgsmfg.staging.tempurl.host\/","name":"MGS","description":"Imagination to Realization","publisher":{"@id":"https:\/\/mgsmfg.staging.tempurl.host\/#organization"},"potentialAction":[{"@type":"SearchAction","target":{"@type":"EntryPoint","urlTemplate":"https:\/\/mgsmfg.staging.tempurl.host\/?s={search_term_string}"},"query-input":{"@type":"PropertyValueSpecification","valueRequired":true,"valueName":"search_term_string"}}],"inLanguage":"es"},{"@type":"Organization","@id":"https:\/\/mgsmfg.staging.tempurl.host\/#organization","name":"MGS","url":"https:\/\/mgsmfg.staging.tempurl.host\/","logo":{"@type":"ImageObject","inLanguage":"es","@id":"https:\/\/mgsmfg.staging.tempurl.host\/#\/schema\/logo\/image\/","url":"https:\/\/www.mgsmfg.com\/wp-content\/uploads\/2023\/11\/MGS-Logo-Horizontal-Final-RGB-450X90.png","contentUrl":"https:\/\/www.mgsmfg.com\/wp-content\/uploads\/2023\/11\/MGS-Logo-Horizontal-Final-RGB-450X90.png","width":450,"height":90,"caption":"MGS"},"image":{"@id":"https:\/\/mgsmfg.staging.tempurl.host\/#\/schema\/logo\/image\/"},"sameAs":["https:\/\/www.facebook.com\/MGS-Mfg-Group-Inc-527848147407768\/"]}]}},"_links":{"self":[{"href":"https:\/\/www.mgsmfg.com\/es\/wp-json\/wp\/v2\/pages\/339640","targetHints":{"allow":["GET"]}}],"collection":[{"href":"https:\/\/www.mgsmfg.com\/es\/wp-json\/wp\/v2\/pages"}],"about":[{"href":"https:\/\/www.mgsmfg.com\/es\/wp-json\/wp\/v2\/types\/page"}],"author":[{"embeddable":true,"href":"https:\/\/www.mgsmfg.com\/es\/wp-json\/wp\/v2\/users\/1"}],"replies":[{"embeddable":true,"href":"https:\/\/www.mgsmfg.com\/es\/wp-json\/wp\/v2\/comments?post=339640"}],"version-history":[{"count":22,"href":"https:\/\/www.mgsmfg.com\/es\/wp-json\/wp\/v2\/pages\/339640\/revisions"}],"predecessor-version":[{"id":340518,"href":"https:\/\/www.mgsmfg.com\/es\/wp-json\/wp\/v2\/pages\/339640\/revisions\/340518"}],"up":[{"embeddable":true,"href":"https:\/\/www.mgsmfg.com\/es\/wp-json\/wp\/v2\/pages\/339621"}],"wp:attachment":[{"href":"https:\/\/www.mgsmfg.com\/es\/wp-json\/wp\/v2\/media?parent=339640"}],"wp:term":[{"taxonomy":"difl_page_category","embeddable":true,"href":"https:\/\/www.mgsmfg.com\/es\/wp-json\/wp\/v2\/difl_page_category?post=339640"}],"curies":[{"name":"wp","href":"https:\/\/api.w.org\/{rel}","templated":true}]}}