{"id":339589,"date":"2024-02-29T14:00:21","date_gmt":"2024-02-29T20:00:21","guid":{"rendered":"https:\/\/www.mgsmfg.com\/soluciones-integrales\/herramientas\/esi-y-dfm\/"},"modified":"2025-09-30T13:45:34","modified_gmt":"2025-09-30T18:45:34","slug":"esi-y-dfm","status":"publish","type":"page","link":"https:\/\/www.mgsmfg.com\/es\/soluciones-integrales\/utillaje\/esi-y-dfm\/","title":{"rendered":"ESI Y DFM"},"content":{"rendered":"<p>[et_pb_section fb_built=\u00bb1&#8243; custom_padding_last_edited=\u00bbon|desktop\u00bb _builder_version=\u00bb4.27.4&#8243; _module_preset=\u00bbdefault\u00bb background_enable_image=\u00bboff\u00bb background_size=\u00bbcontain\u00bb background_position=\u00bbcenter_right\u00bb custom_padding=\u00bb100px||30px||false|false\u00bb custom_padding_tablet=\u00bb60px||60px||false|false\u00bb custom_padding_phone=\u00bb60px||60px||false|false\u00bb custom_css_free_form=\u00bb.et_pb_section_0.et_pb_section {||    padding-top: 100px;||    padding-bottom: 100px;||}||||.et_pb_text_1 {||  max-width: 870px;||}\u00bb locked=\u00bboff\u00bb global_colors_info=\u00bb{}\u00bb][et_pb_row column_structure=\u00bb3_4,1_4&#8243; custom_padding_last_edited=\u00bbon|tablet\u00bb _builder_version=\u00bb4.27.4&#8243; _module_preset=\u00bbdefault\u00bb custom_padding_tablet=\u00bb||0px||false|false\u00bb custom_padding_phone=\u00bb||0px||false|false\u00bb animation_direction=\u00bbbottom\u00bb scroll_vertical_motion=\u00bb34|50|50|65|1|0|-1&#8243; motion_trigger_start=\u00bbbottom\u00bb global_colors_info=\u00bb{}\u00bb][et_pb_column type=\u00bb3_4&#8243; _builder_version=\u00bb4.27.4&#8243; _module_preset=\u00bbdefault\u00bb custom_padding_tablet=\u00bb||0px||false|false\u00bb custom_padding_phone=\u00bb||0px||false|false\u00bb custom_padding_last_edited=\u00bbon|tablet\u00bb global_colors_info=\u00bb{}\u00bb][et_pb_text content_last_edited=\u00bboff|desktop\u00bb disabled_on=\u00bboff|off|off\u00bb _builder_version=\u00bb4.27.4&#8243; _module_preset=\u00bbdefault\u00bb text_font=\u00bb|600||on|||||\u00bb text_text_color=\u00bb#0063BE\u00bb text_font_size=\u00bb15px\u00bb header_font=\u00bb|||on|||||\u00bb custom_margin=\u00bb||0px||false|false\u00bb locked=\u00bboff\u00bb global_colors_info=\u00bb{}\u00bb]<\/p>\n<p style=\"\" id=\"breadcrumbs\"><a href=\"https:\/\/www.mgsmfg.com\/es\/soluciones-integrales\/\"> Soluciones integrales<\/a><span>\u276f<\/span><a href=\"https:\/\/www.mgsmfg.com\/es\/soluciones-integrales\/utillaje\/\">Utillaje<\/a><span>\u276f<\/span><span>ESI Y DFM<\/span><\/p>\n<p>[\/et_pb_text][et_pb_text _builder_version=\u00bb4.23.1&#8243; _module_preset=\u00bbdefault\u00bb max_width=\u00bb870px\u00bb module_alignment=\u00bbleft\u00bb global_colors_info=\u00bb{}\u00bb]<\/p>\n<h1 style=\"margin-bottom: 30px;\">Crear resultados \u00f3ptimos de producci\u00f3n con la participaci\u00f3n temprana de los proveedores (ESI)<\/h1>\n<p><span style=\"font-size: 17px;\">La colaboraci\u00f3n temprana entre tus ingenieros de dise\u00f1o de producto y los fabricantes de moldes dar\u00e1 como resultado utillaje de la m\u00e1s alta calidad para tus componentes y productos en las \u00e1reas de farmac\u00e9utica, diagn\u00f3stico o tecnolog\u00eda m\u00e9dica. En MGS, entendemos la importancia crucial de esta colaboraci\u00f3n y reunimos a los equipos de forma fluida desde el inicio, para crear alineaci\u00f3n y evitar contratiempos costosos durante todo el proceso de ingenier\u00eda y manufactura. Ya sea que cuentes con un equipo interno de dise\u00f1o o necesites el apoyo de nuestros <a href=\"\/end-to-end-solutions\/product-design-development\/\">expertos en desarrollo de productos<\/a>, trabajamos contigo para acelerar el \u00e9xito mediante un an\u00e1lisis, documentaci\u00f3n y comunicaci\u00f3n adecuados.  <\/span><\/p>\n<p>[\/et_pb_text][\/et_pb_column][et_pb_column type=\u00bb1_4&#8243; _builder_version=\u00bb4.23&#8243; _module_preset=\u00bbdefault\u00bb global_colors_info=\u00bb{}\u00bb][\/et_pb_column][\/et_pb_row][\/et_pb_section][et_pb_section fb_built=\u00bb1&#8243; _builder_version=\u00bb4.23.1&#8243; _module_preset=\u00bbdefault\u00bb background_enable_color=\u00bboff\u00bb custom_padding=\u00bb0px||||false|false\u00bb global_colors_info=\u00bb{}\u00bb][et_pb_row column_structure=\u00bb3_5,2_5&#8243; make_equal=\u00bbon\u00bb _builder_version=\u00bb4.23.1&#8243; _module_preset=\u00bbdefault\u00bb custom_css_main_element=\u00bbalign-items: center;\u00bb global_colors_info=\u00bb{}\u00bb][et_pb_column type=\u00bb3_5&#8243; _builder_version=\u00bb4.23.1&#8243; _module_preset=\u00bbdefault\u00bb global_colors_info=\u00bb{}\u00bb][et_pb_text _builder_version=\u00bb4.23.1&#8243; _module_preset=\u00bbdefault\u00bb header_2_font=\u00bb||||||||\u00bb max_width=\u00bb900px\u00bb module_alignment=\u00bbcenter\u00bb global_colors_info=\u00bb{}\u00bb]<\/p>\n<h2>Revisi\u00f3n del dise\u00f1o para la fabricaci\u00f3n (DFM, por sus siglas en ingl\u00e9s)<\/h2>\n<p>Trabajando en estrecha colaboraci\u00f3n con nuestros clientes y nuestros equipos de dise\u00f1o y desarrollo de productos, llegamos a comprender la funcionalidad, los materiales, el comportamiento mec\u00e1nico, el comportamiento t\u00e9rmico, la resistencia qu\u00edmica, las implicaciones cosm\u00e9ticas y los niveles de tolerancia de tu producto. Nos centramos en identificar y superar pronto cualquier reto potencial en el dise\u00f1o de tu pieza, la selecci\u00f3n de materiales o el proceso de fabricaci\u00f3n, ayud\u00e1ndote a avanzar r\u00e1pidamente en el proceso de desarrollo, validaci\u00f3n y lanzamiento. <\/p>\n<p>[\/et_pb_text][\/et_pb_column][et_pb_column type=\u00bb2_5&#8243; _builder_version=\u00bb4.23&#8243; _module_preset=\u00bbdefault\u00bb global_colors_info=\u00bb{}\u00bb][et_pb_image src=\u00bbhttps:\/\/www.mgsmfg.com\/wp-content\/uploads\/2024\/03\/design-for-manufacturing-dfm.png\u00bb alt=\u00bbDise\u00f1o para la fabricaci\u00f3n (DFM)\u00bb title_text=\u00bbdise\u00f1o para la fabricaci\u00f3n-dfm\u00bb _builder_version=\u00bb4.24.2&#8243; _module_preset=\u00bbdefault\u00bb module_alignment=\u00bbcenter\u00bb global_colors_info=\u00bb{}\u00bb][\/et_pb_image][\/et_pb_column][\/et_pb_row][\/et_pb_section][et_pb_section fb_built=\u00bb1&#8243; custom_padding_last_edited=\u00bboff|desktop\u00bb disabled_on=\u00bboff|off|off\u00bb _builder_version=\u00bb4.24.0&#8243; _module_preset=\u00bbdefault\u00bb background_color=\u00bb#efefef\u00bb custom_padding_tablet=\u00bb0px||||false|false\u00bb custom_padding_phone=\u00bb0px||||false|false\u00bb locked=\u00bboff\u00bb global_colors_info=\u00bb{}\u00bb][et_pb_row column_structure=\u00bb1_4,1_4,1_2&#8243; use_custom_gutter=\u00bbon\u00bb gutter_width=\u00bb2&#8243; make_equal=\u00bbon\u00bb _builder_version=\u00bb4.24.2&#8243; _module_preset=\u00bbdefault\u00bb custom_css_main_element=\u00bbalign-items: center;\u00bb global_colors_info=\u00bb{}\u00bb][et_pb_column type=\u00bb1_4&#8243; _builder_version=\u00bb4.23&#8243; _module_preset=\u00bbdefault\u00bb global_colors_info=\u00bb{}\u00bb][et_pb_text _builder_version=\u00bb4.27.4&#8243; _module_preset=\u00bbdefault\u00bb header_2_font=\u00bb||||||||\u00bb custom_padding=\u00bb40px||40px||true|false\u00bb text_orientation_tablet=\u00bbright\u00bb text_orientation_phone=\u00bbcenter\u00bb text_orientation_last_edited=\u00bbon|phone\u00bb global_colors_info=\u00bb{}\u00bb]<\/p>\n<h2 style=\"margin-bottom: 20px;\">Informe de resultados<\/h2>\n<p>[\/et_pb_text][\/et_pb_column][et_pb_column type=\u00bb1_4&#8243; _builder_version=\u00bb4.24.2&#8243; _module_preset=\u00bbdefault\u00bb background_image=\u00bbhttps:\/\/www.mgsmfg.com\/wp-content\/uploads\/2024\/03\/mgs-healthcare-manufacturing-esi-report-thumbnail.png\u00bb custom_padding=\u00bb9vw||9vw||true|false\u00bb custom_padding_tablet=\u00bb150px||150px||true|false\u00bb custom_padding_phone=\u00bb100px||100px||true|false\u00bb custom_padding_last_edited=\u00bbon|phone\u00bb global_colors_info=\u00bb{}\u00bb][et_pb_code _builder_version=\u00bb4.23&#8243; _module_preset=\u00bbdefault\u00bb global_colors_info=\u00bb{}\u00bb][\/et_pb_code][\/et_pb_column][et_pb_column type=\u00bb1_2&#8243; _builder_version=\u00bb4.23&#8243; _module_preset=\u00bbdefault\u00bb global_colors_info=\u00bb{}\u00bb][et_pb_text _builder_version=\u00bb4.24.0&#8243; _module_preset=\u00bbdefault\u00bb custom_margin=\u00bb||||false|false\u00bb global_colors_info=\u00bb{}\u00bb]<\/p>\n<section class=\"two-column\">\n<section class=\"two-col-gray-top\">\n<section class=\"content white last\">\n<div class=\"content-text left\">\n<p>Al final del proceso, entregamos un informe DFM\/ESI propio que incluye los resultados de la simulaci\u00f3n de llenado y refrigeraci\u00f3n en MoldFlow, AEF y validaci\u00f3n de piezas moldeadas. Estos informes detallados destacan los posibles retos identificados relacionados con el producto y el proceso, y garantizan as\u00ed que se complete una especificaci\u00f3n de dise\u00f1o s\u00f3lida y totalmente funcional antes de empezar a trabajar en el utillaje de producci\u00f3n. <\/p>\n<\/div>\n<\/section>\n<\/section>\n<\/section>\n<p>[\/et_pb_text][\/et_pb_column][\/et_pb_row][\/et_pb_section][et_pb_section fb_built=\u00bb1&#8243; _builder_version=\u00bb4.24.0&#8243; _module_preset=\u00bbdefault\u00bb background_enable_color=\u00bboff\u00bb global_colors_info=\u00bb{}\u00bb][et_pb_row column_structure=\u00bb3_5,2_5&#8243; make_equal=\u00bbon\u00bb _builder_version=\u00bb4.24.0&#8243; _module_preset=\u00bbdefault\u00bb global_colors_info=\u00bb{}\u00bb][et_pb_column type=\u00bb3_5&#8243; _builder_version=\u00bb4.23.1&#8243; _module_preset=\u00bbdefault\u00bb global_colors_info=\u00bb{}\u00bb][et_pb_text _builder_version=\u00bb4.24.2&#8243; _module_preset=\u00bbdefault\u00bb header_2_font=\u00bb||||||||\u00bb max_width=\u00bb900px\u00bb module_alignment=\u00bbcenter\u00bb global_colors_info=\u00bb{}\u00bb]<\/p>\n<h2>Obt\u00e9n tu informe sobre la participaci\u00f3n temprana de los proveedores<\/h2>\n<p>Ofrecemos una capacidad de utillaje inigualable en todo el mundo para servir mejor a nuestros clientes exactamente donde se encuentren. A lo largo de d\u00e9cadas de desarrollo de esta experiencia tanto en Norteam\u00e9rica como en Europa, hemos adquirido un profundo conocimiento de los requisitos de fabricaci\u00f3n de componentes y productos complejos moldeados por inyecci\u00f3n. Utilizamos estos conocimientos para dar a nuestros clientes confianza en sus dise\u00f1os, al tiempo que orientamos la optimizaci\u00f3n de productos y procesos.  <\/p>\n<p>Ofrecemos tres tipos de informes ESI que se adaptan a tus necesidades:<\/p>\n<p><a href=\"\/wp-content\/uploads\/2024\/03\/esi-small.pdf\">Informe ESI breve<\/a><br \/>\n<a href=\"\/wp-content\/uploads\/2024\/03\/esi-report-large.pdf\">Informe ESI extenso<\/a><br \/>\n<a href=\"\/wp-content\/uploads\/2024\/03\/esi-report-xl.pdf\">Informe ESI muy extenso<\/a>[\/et_pb_text][\/et_pb_column][et_pb_column type=\u00bb2_5&#8243; _builder_version=\u00bb4.23&#8243; _module_preset=\u00bbdefault\u00bb global_colors_info=\u00bb{}\u00bb][et_pb_text _builder_version=\u00bb4.24.0&#8243; _module_preset=\u00bbdefault\u00bb custom_margin=\u00bb||0px||false|false\u00bb global_colors_info=\u00bb{}\u00bb]<\/p>\n<h4 style=\"text-align: center;\">Rellena el siguiente formulario para obtener una ESI\/DFM instant\u00e1nea GRATUITA.<\/h4>\n<p>[\/et_pb_text][et_pb_code _builder_version=\u00bb4.25.1&#8243; _module_preset=\u00bbdefault\u00bb global_colors_info=\u00bb{}\u00bb]<!-- Pardot ESI DFM Snapshot  --><!-- [et_pb_line_break_holder] --><iframe src=\"https:\/\/go.mgsmfg.com\/l\/1043671\/2024-06-13\/51ns9d\" width=\"100%\" height=\"300\" type=\"text\/html\" frameborder=\"0\" allowtransparency=\"true\" style=\"border: 0\"><\/iframe> [\/et_pb_code][\/et_pb_column][\/et_pb_row][\/et_pb_section][et_pb_section fb_built=\u00bb1&#8243; _builder_version=\u00bb4.23&#8243; _module_preset=\u00bbdefault\u00bb use_background_color_gradient=\u00bbon\u00bb background_color_gradient_direction=\u00bb90deg\u00bb background_color_gradient_stops=\u00bb#efefef 50%|#00325b 50%\u00bb background_color_tablet=\u00bb#efefef\u00bb background_last_edited=\u00bbon|tablet\u00bb background_enable_color_tablet=\u00bbon\u00bb use_background_color_gradient_tablet=\u00bboff\u00bb saved_tabs=\u00bball\u00bb locked=\u00bboff\u00bb global_colors_info=\u00bb{}\u00bb][et_pb_row column_structure=\u00bb1_2,1_2&#8243; make_equal=\u00bbon\u00bb custom_padding_last_edited=\u00bbon|tablet\u00bb _builder_version=\u00bb4.27.4&#8243; _module_preset=\u00bbdefault\u00bb custom_padding_tablet=\u00bb||0px||false|false\u00bb custom_padding_phone=\u00bb||0px||false|false\u00bb custom_css_main_element=\u00bbalign-items: center;\u00bb global_colors_info=\u00bb{}\u00bb custom_css_main_element_last_edited=\u00bbon|tablet\u00bb custom_css_main_element_tablet=\u00bbdisplay: flex;||flex-direction: column-reverse;\u00bb custom_css_main_element_phone=\u00bbdisplay: flex;||flex-direction: column-reverse;\u00bb][et_pb_column type=\u00bb1_2&#8243; _builder_version=\u00bb4.27.4&#8243; _module_preset=\u00bbdefault\u00bb custom_css_main_element=\u00bbmax-width: 500px;||margin: 0 auto;\u00bb global_colors_info=\u00bb{}\u00bb][et_pb_text _builder_version=\u00bb4.27.4&#8243; _module_preset=\u00bbdefault\u00bb header_4_font=\u00bb|||on|||||\u00bb header_4_text_color=\u00bb#0063BE\u00bb module_alignment=\u00bbcenter\u00bb custom_margin=\u00bb||||false|false\u00bb custom_padding=\u00bb|20%|||false|false\u00bb global_colors_info=\u00bb{}\u00bb]<\/p>\n<h5>Cont\u00e1ctanos<\/h5>\n<p>[\/et_pb_text][et_pb_text _builder_version=\u00bb4.27.4&#8243; _module_preset=\u00bbdefault\u00bb text_font=\u00bb|-et_global_body_font_weight|||||||\u00bb text_text_color=\u00bb#333333&#8243; text_font_size=\u00bb22px\u00bb text_line_height=\u00bb1.4em\u00bb header_3_line_height=\u00bb1.4em\u00bb header_4_font=\u00bb|||on|||||\u00bb module_alignment=\u00bbcenter\u00bb custom_margin=\u00bb||36px||false|false\u00bb custom_padding=\u00bb|20%|||false|false\u00bb global_colors_info=\u00bb{}\u00bb]<\/p>\n<h3>\u00bfQuieres saber m\u00e1s sobre c\u00f3mo podemos dise\u00f1ar una <span style=\"color: #0063be;\">soluci\u00f3n a medida<\/span> para ti?<\/h3>\n<p>[\/et_pb_text][et_pb_button button_url=\u00bb@ET-DC@eyJkeW5hbWljIjp0cnVlLCJjb250ZW50IjoicG9zdF9saW5rX3VybF9wYWdlIiwic2V0dGluZ3MiOnsicG9zdF9pZCI6IjE0NCJ9fQ==@\u00bb button_text=\u00bbHablemos\u00bb button_alignment=\u00bbleft\u00bb _builder_version=\u00bb4.27.4&#8243; _dynamic_attributes=\u00bbbutton_url\u00bb _module_preset=\u00bbdefault\u00bb global_colors_info=\u00bb{}\u00bb][\/et_pb_button][\/et_pb_column][et_pb_column type=\u00bb1_2&#8243; _builder_version=\u00bb4.23&#8243; _module_preset=\u00bbdefault\u00bb global_colors_info=\u00bb{}\u00bb][et_pb_image src=\u00bbhttps:\/\/www.mgsmfg.com\/wp-content\/uploads\/2023\/11\/contact-us-cta-inset.jpg\u00bb alt=\u00bbContacta con MGS\u00bb title_text=\u00bbContacta con MGS\u00bb _builder_version=\u00bb4.27.4&#8243; _module_preset=\u00bbdefault\u00bb max_width=\u00bb350px\u00bb max_width_tablet=\u00bb85%\u00bb max_width_phone=\u00bb100%\u00bb max_width_last_edited=\u00bbon|phone\u00bb module_alignment=\u00bbcenter\u00bb custom_padding_tablet=\u00bb||30px||false|false\u00bb custom_padding_phone=\u00bb||30px||false|false\u00bb custom_padding_last_edited=\u00bbon|tablet\u00bb global_colors_info=\u00bb{}\u00bb][\/et_pb_image][\/et_pb_column][\/et_pb_row][\/et_pb_section]<\/p>\n","protected":false},"excerpt":{"rendered":"<p>Soluciones integrales\u276fUtillaje\u276fESI Y DFMCrear resultados \u00f3ptimos de producci\u00f3n con la participaci\u00f3n temprana de los proveedores (ESI) La colaboraci\u00f3n temprana entre tus ingenieros de dise\u00f1o de producto y los fabricantes de moldes dar\u00e1 como resultado utillaje de la m\u00e1s alta calidad para tus componentes y productos en las \u00e1reas de farmac\u00e9utica, diagn\u00f3stico o tecnolog\u00eda m\u00e9dica. En [&hellip;]<\/p>\n","protected":false},"author":1,"featured_media":0,"parent":339485,"menu_order":0,"comment_status":"closed","ping_status":"closed","template":"","meta":{"_acf_changed":false,"_et_pb_use_builder":"on","_et_pb_old_content":"","_et_gb_content_width":"","footnotes":"","_links_to":"","_links_to_target":""},"difl_page_category":[],"class_list":["post-339589","page","type-page","status-publish","hentry"],"acf":[],"yoast_head":"<!-- This site is optimized with the Yoast SEO plugin v27.3 - https:\/\/yoast.com\/product\/yoast-seo-wordpress\/ -->\n<title>ESI Y DFM | MGS Healthcare Manufacturing<\/title>\n<meta name=\"description\" content=\"Optimiza los resultados de producci\u00f3n con la Participaci\u00f3n Temprana del Proveedor (ESI). Colabora con nuestros expertos para obtener utillaje de alta calidad en farmac\u00e9utica, diagn\u00f3stico o tecnolog\u00eda m\u00e9dica.\" \/>\n<meta name=\"robots\" content=\"index, follow, max-snippet:-1, max-image-preview:large, max-video-preview:-1\" \/>\n<link rel=\"canonical\" href=\"https:\/\/www.mgsmfg.com\/es\/soluciones-integrales\/utillaje\/esi-y-dfm\/\" \/>\n<meta property=\"og:locale\" content=\"es_ES\" \/>\n<meta property=\"og:type\" content=\"article\" \/>\n<meta property=\"og:title\" content=\"ESI Y DFM | MGS Healthcare Manufacturing\" \/>\n<meta property=\"og:description\" content=\"Optimiza los resultados de producci\u00f3n con la Participaci\u00f3n Temprana del Proveedor (ESI). Colabora con nuestros expertos para obtener utillaje de alta calidad en farmac\u00e9utica, diagn\u00f3stico o tecnolog\u00eda m\u00e9dica.\" \/>\n<meta property=\"og:url\" content=\"https:\/\/www.mgsmfg.com\/es\/soluciones-integrales\/utillaje\/esi-y-dfm\/\" \/>\n<meta property=\"og:site_name\" content=\"MGS Healthcare Manufacturing\" \/>\n<meta property=\"article:publisher\" content=\"https:\/\/www.facebook.com\/MGS-Mfg-Group-Inc-527848147407768\/\" \/>\n<meta property=\"article:modified_time\" content=\"2025-09-30T18:45:34+00:00\" \/>\n<meta property=\"og:image\" content=\"https:\/\/www.mgsmfg.com\/wp-content\/uploads\/2023\/11\/mgs-healthcare-manufacturing-featured-image-3.jpg\" \/>\n\t<meta property=\"og:image:width\" content=\"1200\" \/>\n\t<meta property=\"og:image:height\" content=\"675\" \/>\n\t<meta property=\"og:image:type\" content=\"image\/jpeg\" \/>\n<meta name=\"twitter:card\" content=\"summary_large_image\" \/>\n<meta name=\"twitter:label1\" content=\"Tiempo de lectura\" \/>\n\t<meta name=\"twitter:data1\" content=\"8 minutos\" \/>\n<script type=\"application\/ld+json\" class=\"yoast-schema-graph\">{\"@context\":\"https:\\\/\\\/schema.org\",\"@graph\":[{\"@type\":\"WebPage\",\"@id\":\"https:\\\/\\\/www.mgsmfg.com\\\/es\\\/soluciones-integrales\\\/utillaje\\\/esi-y-dfm\\\/\",\"url\":\"https:\\\/\\\/www.mgsmfg.com\\\/es\\\/soluciones-integrales\\\/utillaje\\\/esi-y-dfm\\\/\",\"name\":\"ESI Y DFM | MGS Healthcare Manufacturing\",\"isPartOf\":{\"@id\":\"https:\\\/\\\/mgsmfg.staging.tempurl.host\\\/#website\"},\"datePublished\":\"2024-02-29T20:00:21+00:00\",\"dateModified\":\"2025-09-30T18:45:34+00:00\",\"description\":\"Optimiza los resultados de producci\u00f3n con la Participaci\u00f3n Temprana del Proveedor (ESI). Colabora con nuestros expertos para obtener utillaje de alta calidad en farmac\u00e9utica, diagn\u00f3stico o tecnolog\u00eda m\u00e9dica.\",\"breadcrumb\":{\"@id\":\"https:\\\/\\\/www.mgsmfg.com\\\/es\\\/soluciones-integrales\\\/utillaje\\\/esi-y-dfm\\\/#breadcrumb\"},\"inLanguage\":\"es\",\"potentialAction\":[{\"@type\":\"ReadAction\",\"target\":[\"https:\\\/\\\/www.mgsmfg.com\\\/es\\\/soluciones-integrales\\\/utillaje\\\/esi-y-dfm\\\/\"]}]},{\"@type\":\"BreadcrumbList\",\"@id\":\"https:\\\/\\\/www.mgsmfg.com\\\/es\\\/soluciones-integrales\\\/utillaje\\\/esi-y-dfm\\\/#breadcrumb\",\"itemListElement\":[{\"@type\":\"ListItem\",\"position\":1,\"name\":\"Home\",\"item\":\"https:\\\/\\\/www.mgsmfg.com\\\/es\\\/\"},{\"@type\":\"ListItem\",\"position\":2,\"name\":\"Soluciones integrales\",\"item\":\"https:\\\/\\\/www.mgsmfg.com\\\/es\\\/soluciones-integrales\\\/\"},{\"@type\":\"ListItem\",\"position\":3,\"name\":\"Utillaje\",\"item\":\"https:\\\/\\\/www.mgsmfg.com\\\/es\\\/soluciones-integrales\\\/utillaje\\\/\"},{\"@type\":\"ListItem\",\"position\":4,\"name\":\"ESI Y DFM\",\"item\":\"https:\\\/\\\/www.mgsmfg.com\\\/es\\\/soluciones-integrales\\\/utillaje\\\/esi-y-dfm\\\/\"}]},{\"@type\":\"WebSite\",\"@id\":\"https:\\\/\\\/mgsmfg.staging.tempurl.host\\\/#website\",\"url\":\"https:\\\/\\\/mgsmfg.staging.tempurl.host\\\/\",\"name\":\"MGS\",\"description\":\"Imagination to Realization\",\"publisher\":{\"@id\":\"https:\\\/\\\/mgsmfg.staging.tempurl.host\\\/#organization\"},\"potentialAction\":[{\"@type\":\"SearchAction\",\"target\":{\"@type\":\"EntryPoint\",\"urlTemplate\":\"https:\\\/\\\/mgsmfg.staging.tempurl.host\\\/?s={search_term_string}\"},\"query-input\":{\"@type\":\"PropertyValueSpecification\",\"valueRequired\":true,\"valueName\":\"search_term_string\"}}],\"inLanguage\":\"es\"},{\"@type\":\"Organization\",\"@id\":\"https:\\\/\\\/mgsmfg.staging.tempurl.host\\\/#organization\",\"name\":\"MGS\",\"url\":\"https:\\\/\\\/mgsmfg.staging.tempurl.host\\\/\",\"logo\":{\"@type\":\"ImageObject\",\"inLanguage\":\"es\",\"@id\":\"https:\\\/\\\/mgsmfg.staging.tempurl.host\\\/#\\\/schema\\\/logo\\\/image\\\/\",\"url\":\"https:\\\/\\\/www.mgsmfg.com\\\/wp-content\\\/uploads\\\/2023\\\/11\\\/MGS-Logo-Horizontal-Final-RGB-450X90.png\",\"contentUrl\":\"https:\\\/\\\/www.mgsmfg.com\\\/wp-content\\\/uploads\\\/2023\\\/11\\\/MGS-Logo-Horizontal-Final-RGB-450X90.png\",\"width\":450,\"height\":90,\"caption\":\"MGS\"},\"image\":{\"@id\":\"https:\\\/\\\/mgsmfg.staging.tempurl.host\\\/#\\\/schema\\\/logo\\\/image\\\/\"},\"sameAs\":[\"https:\\\/\\\/www.facebook.com\\\/MGS-Mfg-Group-Inc-527848147407768\\\/\"]}]}<\/script>\n<!-- \/ Yoast SEO plugin. -->","yoast_head_json":{"title":"ESI Y DFM | MGS Healthcare Manufacturing","description":"Optimiza los resultados de producci\u00f3n con la Participaci\u00f3n Temprana del Proveedor (ESI). Colabora con nuestros expertos para obtener utillaje de alta calidad en farmac\u00e9utica, diagn\u00f3stico o tecnolog\u00eda m\u00e9dica.","robots":{"index":"index","follow":"follow","max-snippet":"max-snippet:-1","max-image-preview":"max-image-preview:large","max-video-preview":"max-video-preview:-1"},"canonical":"https:\/\/www.mgsmfg.com\/es\/soluciones-integrales\/utillaje\/esi-y-dfm\/","og_locale":"es_ES","og_type":"article","og_title":"ESI Y DFM | MGS Healthcare Manufacturing","og_description":"Optimiza los resultados de producci\u00f3n con la Participaci\u00f3n Temprana del Proveedor (ESI). Colabora con nuestros expertos para obtener utillaje de alta calidad en farmac\u00e9utica, diagn\u00f3stico o tecnolog\u00eda m\u00e9dica.","og_url":"https:\/\/www.mgsmfg.com\/es\/soluciones-integrales\/utillaje\/esi-y-dfm\/","og_site_name":"MGS Healthcare Manufacturing","article_publisher":"https:\/\/www.facebook.com\/MGS-Mfg-Group-Inc-527848147407768\/","article_modified_time":"2025-09-30T18:45:34+00:00","og_image":[{"width":1200,"height":675,"url":"https:\/\/www.mgsmfg.com\/wp-content\/uploads\/2023\/11\/mgs-healthcare-manufacturing-featured-image-3.jpg","type":"image\/jpeg"}],"twitter_card":"summary_large_image","twitter_misc":{"Tiempo de lectura":"8 minutos"},"schema":{"@context":"https:\/\/schema.org","@graph":[{"@type":"WebPage","@id":"https:\/\/www.mgsmfg.com\/es\/soluciones-integrales\/utillaje\/esi-y-dfm\/","url":"https:\/\/www.mgsmfg.com\/es\/soluciones-integrales\/utillaje\/esi-y-dfm\/","name":"ESI Y DFM | MGS Healthcare Manufacturing","isPartOf":{"@id":"https:\/\/mgsmfg.staging.tempurl.host\/#website"},"datePublished":"2024-02-29T20:00:21+00:00","dateModified":"2025-09-30T18:45:34+00:00","description":"Optimiza los resultados de producci\u00f3n con la Participaci\u00f3n Temprana del Proveedor (ESI). Colabora con nuestros expertos para obtener utillaje de alta calidad en farmac\u00e9utica, diagn\u00f3stico o tecnolog\u00eda m\u00e9dica.","breadcrumb":{"@id":"https:\/\/www.mgsmfg.com\/es\/soluciones-integrales\/utillaje\/esi-y-dfm\/#breadcrumb"},"inLanguage":"es","potentialAction":[{"@type":"ReadAction","target":["https:\/\/www.mgsmfg.com\/es\/soluciones-integrales\/utillaje\/esi-y-dfm\/"]}]},{"@type":"BreadcrumbList","@id":"https:\/\/www.mgsmfg.com\/es\/soluciones-integrales\/utillaje\/esi-y-dfm\/#breadcrumb","itemListElement":[{"@type":"ListItem","position":1,"name":"Home","item":"https:\/\/www.mgsmfg.com\/es\/"},{"@type":"ListItem","position":2,"name":"Soluciones integrales","item":"https:\/\/www.mgsmfg.com\/es\/soluciones-integrales\/"},{"@type":"ListItem","position":3,"name":"Utillaje","item":"https:\/\/www.mgsmfg.com\/es\/soluciones-integrales\/utillaje\/"},{"@type":"ListItem","position":4,"name":"ESI Y DFM","item":"https:\/\/www.mgsmfg.com\/es\/soluciones-integrales\/utillaje\/esi-y-dfm\/"}]},{"@type":"WebSite","@id":"https:\/\/mgsmfg.staging.tempurl.host\/#website","url":"https:\/\/mgsmfg.staging.tempurl.host\/","name":"MGS","description":"Imagination to Realization","publisher":{"@id":"https:\/\/mgsmfg.staging.tempurl.host\/#organization"},"potentialAction":[{"@type":"SearchAction","target":{"@type":"EntryPoint","urlTemplate":"https:\/\/mgsmfg.staging.tempurl.host\/?s={search_term_string}"},"query-input":{"@type":"PropertyValueSpecification","valueRequired":true,"valueName":"search_term_string"}}],"inLanguage":"es"},{"@type":"Organization","@id":"https:\/\/mgsmfg.staging.tempurl.host\/#organization","name":"MGS","url":"https:\/\/mgsmfg.staging.tempurl.host\/","logo":{"@type":"ImageObject","inLanguage":"es","@id":"https:\/\/mgsmfg.staging.tempurl.host\/#\/schema\/logo\/image\/","url":"https:\/\/www.mgsmfg.com\/wp-content\/uploads\/2023\/11\/MGS-Logo-Horizontal-Final-RGB-450X90.png","contentUrl":"https:\/\/www.mgsmfg.com\/wp-content\/uploads\/2023\/11\/MGS-Logo-Horizontal-Final-RGB-450X90.png","width":450,"height":90,"caption":"MGS"},"image":{"@id":"https:\/\/mgsmfg.staging.tempurl.host\/#\/schema\/logo\/image\/"},"sameAs":["https:\/\/www.facebook.com\/MGS-Mfg-Group-Inc-527848147407768\/"]}]}},"_links":{"self":[{"href":"https:\/\/www.mgsmfg.com\/es\/wp-json\/wp\/v2\/pages\/339589","targetHints":{"allow":["GET"]}}],"collection":[{"href":"https:\/\/www.mgsmfg.com\/es\/wp-json\/wp\/v2\/pages"}],"about":[{"href":"https:\/\/www.mgsmfg.com\/es\/wp-json\/wp\/v2\/types\/page"}],"author":[{"embeddable":true,"href":"https:\/\/www.mgsmfg.com\/es\/wp-json\/wp\/v2\/users\/1"}],"replies":[{"embeddable":true,"href":"https:\/\/www.mgsmfg.com\/es\/wp-json\/wp\/v2\/comments?post=339589"}],"version-history":[{"count":12,"href":"https:\/\/www.mgsmfg.com\/es\/wp-json\/wp\/v2\/pages\/339589\/revisions"}],"predecessor-version":[{"id":347488,"href":"https:\/\/www.mgsmfg.com\/es\/wp-json\/wp\/v2\/pages\/339589\/revisions\/347488"}],"up":[{"embeddable":true,"href":"https:\/\/www.mgsmfg.com\/es\/wp-json\/wp\/v2\/pages\/339485"}],"wp:attachment":[{"href":"https:\/\/www.mgsmfg.com\/es\/wp-json\/wp\/v2\/media?parent=339589"}],"wp:term":[{"taxonomy":"difl_page_category","embeddable":true,"href":"https:\/\/www.mgsmfg.com\/es\/wp-json\/wp\/v2\/difl_page_category?post=339589"}],"curies":[{"name":"wp","href":"https:\/\/api.w.org\/{rel}","templated":true}]}}