{"id":339537,"date":"2023-11-07T12:33:05","date_gmt":"2023-11-07T18:33:05","guid":{"rendered":"https:\/\/www.mgsmfg.com\/sedes-en-el-mundo\/sgr-dinamarca\/"},"modified":"2025-09-30T13:19:58","modified_gmt":"2025-09-30T18:19:58","slug":"mgs-dinamarca","status":"publish","type":"page","link":"https:\/\/www.mgsmfg.com\/es\/ubicaciones-globales\/mgs-dinamarca\/","title":{"rendered":"MGS Dinamarca"},"content":{"rendered":"<p>[et_pb_section fb_built=\u00bb1&#8243; custom_padding_last_edited=\u00bbon|desktop\u00bb _builder_version=\u00bb4.27.4&#8243; _module_preset=\u00bbdefault\u00bb background_enable_image=\u00bboff\u00bb background_size=\u00bbcontain\u00bb background_position=\u00bbcenter_right\u00bb custom_padding=\u00bb100px||30px||false|false\u00bb custom_padding_tablet=\u00bb60px||60px||false|false\u00bb custom_padding_phone=\u00bb60px||60px||false|false\u00bb custom_css_free_form=\u00bb.et_pb_section_0.et_pb_section {||    padding-top: 100px;||    padding-bottom: 100px;||}||||.et_pb_text_1 {||  max-width: 870px;||}\u00bb locked=\u00bboff\u00bb global_colors_info=\u00bb{}\u00bb][et_pb_row column_structure=\u00bb3_4,1_4&#8243; custom_padding_last_edited=\u00bbon|tablet\u00bb _builder_version=\u00bb4.27.4&#8243; _module_preset=\u00bbdefault\u00bb custom_padding_tablet=\u00bb||0px||false|false\u00bb custom_padding_phone=\u00bb||0px||false|false\u00bb animation_direction=\u00bbbottom\u00bb scroll_vertical_motion=\u00bb34|50|50|65|1|0|-1&#8243; motion_trigger_start=\u00bbbottom\u00bb global_colors_info=\u00bb{}\u00bb][et_pb_column type=\u00bb3_4&#8243; _builder_version=\u00bb4.27.4&#8243; _module_preset=\u00bbdefault\u00bb custom_padding_tablet=\u00bb||0px||false|false\u00bb custom_padding_phone=\u00bb||0px||false|false\u00bb custom_padding_last_edited=\u00bbon|tablet\u00bb global_colors_info=\u00bb{}\u00bb][et_pb_text content_last_edited=\u00bboff|desktop\u00bb disabled_on=\u00bboff|off|off\u00bb _builder_version=\u00bb4.27.4&#8243; _module_preset=\u00bbdefault\u00bb text_font=\u00bb|600||on|||||\u00bb text_text_color=\u00bb#0063BE\u00bb text_font_size=\u00bb15px\u00bb header_font=\u00bb|||on|||||\u00bb custom_margin=\u00bb||0px||false|false\u00bb locked=\u00bboff\u00bb global_colors_info=\u00bb{}\u00bb]<\/p>\n<p id=\"breadcrumbs\"><a href=\"https:\/\/www.mgsmfg.com\/es\/ubicaciones-globales\/\">Ubicaciones globales<\/a><span>\u276f<\/span><span>MGS Dinamarca<\/span><\/p>\n<p>[\/et_pb_text][et_pb_text _builder_version=\u00bb4.23.1&#8243; _module_preset=\u00bbdefault\u00bb max_width=\u00bb870px\u00bb module_alignment=\u00bbleft\u00bb global_colors_info=\u00bb{}\u00bb]<\/p>\n<h1 style=\"margin-bottom: 30px;\">Establecimiento de un centro de manufactura para el sector salud<\/h1>\n<p><span>Nuestras tres instalaciones en Dinamarca conforman el Centro Europeo de Dise\u00f1o e Ingenier\u00eda M\u00e9dica de MGS. Aqu\u00ed impulsamos innovaciones que mejoran vidas mediante componentes y ensamblajes completos de productos revolucionarios en los sectores farmac\u00e9utico, de diagn\u00f3stico y de tecnolog\u00eda m\u00e9dica (MedTech). En cada una de nuestras instalaciones de \u00faltima generaci\u00f3n, los clientes tienen acceso a capacidades y tecnolog\u00edas de clase mundial que ayudan a mitigar riesgos, maximizar la eficiencia y acelerar la salida al mercado.  <\/span><\/p>\n<p>[\/et_pb_text][\/et_pb_column][et_pb_column type=\u00bb1_4&#8243; _builder_version=\u00bb4.23&#8243; _module_preset=\u00bbdefault\u00bb global_colors_info=\u00bb{}\u00bb][\/et_pb_column][\/et_pb_row][\/et_pb_section][et_pb_section fb_built=\u00bb1&#8243; custom_padding_last_edited=\u00bbon|tablet\u00bb _builder_version=\u00bb4.23.1&#8243; _module_preset=\u00bbdefault\u00bb custom_padding_tablet=\u00bb0px||||false|false\u00bb custom_padding_phone=\u00bb0px||||false|false\u00bb global_colors_info=\u00bb{}\u00bb][et_pb_row _builder_version=\u00bb4.19.4&#8243; _module_preset=\u00bbdefault\u00bb locked=\u00bboff\u00bb global_colors_info=\u00bb{}\u00bb][et_pb_column type=\u00bb4_4&#8243; _builder_version=\u00bb4.19.4&#8243; _module_preset=\u00bbdefault\u00bb global_colors_info=\u00bb{}\u00bb][et_pb_tabs active_tab_text_color=\u00bb#0C71C3&#8243; _builder_version=\u00bb4.27.4&#8243; _module_preset=\u00bbdefault\u00bb body_font=\u00bb||||||||\u00bb body_text_color=\u00bb#000000&#8243; tab_font_size=\u00bb18px\u00bb hover_enabled=\u00bb0&#8243; custom_css_main_element=\u00bbdisplay: flex;||align-items: center;\u00bb custom_css_tabs_controls=\u00bbbackground-color: transparent;||width: 250px;\u00bb custom_css_tab=\u00bbborder: none !important;||width: 300px;||border-bottom: 1px solid black !important;\u00bb custom_css_tabs_content=\u00bbpadding: 0px;||margin-left: 30px;\u00bb border_width_all=\u00bb0px\u00bb global_colors_info=\u00bb{}\u00bb custom_css_main_element_last_edited=\u00bbon|tablet\u00bb custom_css_main_element_tablet=\u00bbdisplay: flex;||flex-direction: column;\u00bb custom_css_tab_last_edited=\u00bbon|tablet\u00bb custom_css_tab_tablet=\u00bbborder: none !important;||width: 100%;||text-align: center;||border-bottom: 1px solid black !important;\u00bb custom_css_tabs_content_last_edited=\u00bbon|tablet\u00bb custom_css_tabs_content_tablet=\u00bbpadding: 0;\u00bb custom_css_tabs_controls_last_edited=\u00bbon|tablet\u00bb custom_css_tabs_controls_tablet=\u00bbwidth: 100%;||background-color: transparent;\u00bb custom_css_main_element_phone=\u00bbdisplay: flex;||flex-direction: column;\u00bb custom_css_tab_phone=\u00bbborder: none !important;||width: 100%;||text-align: center;||border-bottom: 1px solid black !important;\u00bb custom_css_tabs_content_phone=\u00bbpadding: 0;\u00bb custom_css_tabs_controls_phone=\u00bbwidth: 100%;||background-color: transparent;\u00bb sticky_enabled=\u00bb0&#8243;][et_pb_tab title=\u00bbMGS Roskilde\u00bb _builder_version=\u00bb4.27.4&#8243; _module_preset=\u00bbdefault\u00bb background_image=\u00bbhttps:\/\/www.mgsmfg.com\/wp-content\/uploads\/2023\/11\/Denmark-Roskilde-location-tab-hero.jpg\u00bb background_enable_image=\u00bbon\u00bb background_last_edited=\u00bbon|tablet\u00bb background_enable_image_tablet=\u00bboff\u00bb global_colors_info=\u00bb{}\u00bb]<\/p>\n<div>\n<section>\n<h2>MGS Roskilde<\/h2>\n<p>MGS Roskilde ofrece a los principales innovadores sanitarios europeos soluciones de utillaje escalables y flexibles como parte de nuestra oferta global de <a href=\"https:\/\/www.mgsmfg.com\/es\/mercados-sanitarios\/medtech\/\">soluciones de fabricaci\u00f3n por contrato de dispositivos m\u00e9dicos<\/a>.<\/p>\n<div class=\"et_pb_button_module_wrapper et_pb_module \"><a class=\"et_pb_button et_pb_bg_layout_light\" style=\"color: #00325b!important; border-color: #00325B; border-radius: 0px; text-transform: uppercase!important; padding-right: 3em; padding-left: 0.7em; margin-top: 20px;\" href=\"https:\/\/www.mgsmfg.com\/es\/ubicaciones-globales\/mgs-dinamarca\/mgs-roskilde\/\" data-icon=\"$\">Explora<\/a><\/div>\n<\/section>\n<\/div>\n<p>[\/et_pb_tab][et_pb_tab title=\u00bbMGS Horsholm\u00bb _builder_version=\u00bb4.27.4&#8243; _module_preset=\u00bbdefault\u00bb background_image=\u00bbhttps:\/\/www.mgsmfg.com\/wp-content\/uploads\/2023\/11\/locations-technolution-horizontal-hero-update.jpg\u00bb background_enable_image=\u00bbon\u00bb hover_enabled=\u00bb0&#8243; background_last_edited=\u00bbon|desktop\u00bb background_enable_image_tablet=\u00bboff\u00bb global_colors_info=\u00bb{}\u00bb sticky_enabled=\u00bb0&#8243;]<\/p>\n<div>\n<section>\n<h2>MGS Horsholm<\/h2>\n<p>Los expertos de dise\u00f1ar y desarrollar trabajan junto a los clientes para idear, dise\u00f1ar y desarrollar productos nuevos y de nueva generaci\u00f3n para una amplia gama de <a href=\"https:\/\/www.mgsmfg.com\/es\/mercados-sanitarios\/farmaceutica\/\">aplicaciones farmac\u00e9uticas<\/a>.<\/p>\n<div class=\"et_pb_button_module_wrapper et_pb_module \"><a class=\"et_pb_button et_pb_bg_layout_light\" style=\"color: #00325b!important; border-color: #00325B; border-radius: 0px; text-transform: uppercase!important; padding-right: 3em; padding-left: 0.7em; margin-top: 20px;\" href=\"https:\/\/www.mgsmfg.com\/es\/ubicaciones-globales\/mgs-dinamarca\/mgs-horsholm\/\" data-icon=\"$\">Explora<\/a><\/div>\n<\/section>\n<\/div>\n<p>[\/et_pb_tab][et_pb_tab title=\u00bbMGS Lynge\u00bb _builder_version=\u00bb4.24.2&#8243; _module_preset=\u00bbdefault\u00bb background_image=\u00bbhttps:\/\/www.mgsmfg.com\/wp-content\/uploads\/2023\/11\/locations-lynge-horizontal-hero.jpg\u00bb background_enable_image=\u00bbon\u00bb background_last_edited=\u00bbon|tablet\u00bb background_enable_image_tablet=\u00bboff\u00bb global_colors_info=\u00bb{}\u00bb]<\/p>\n<div>\n<section>\n<h2>MGS Lynge<\/h2>\n<p>MGS Lynge produce el mejor utillaje sanitario de su clase para acelerar el tiempo de comercializaci\u00f3n, garantizando al mismo tiempo los m\u00e1s altos niveles de calidad.<\/p>\n<div class=\"et_pb_button_module_wrapper et_pb_module \"><a class=\"et_pb_button et_pb_bg_layout_light\" style=\"color: #00325b!important; border-color: #00325B; border-radius: 0px; text-transform: uppercase!important; padding-right: 3em; padding-left: 0.7em; margin-top: 20px;\" href=\"https:\/\/www.mgsmfg.com\/es\/ubicaciones-globales\/mgs-dinamarca\/mgs-lynge\/\" data-icon=\"$\">Explora<\/a><\/div>\n<\/section>\n<\/div>\n<p>[\/et_pb_tab][\/et_pb_tabs][\/et_pb_column][\/et_pb_row][\/et_pb_section][et_pb_section fb_built=\u00bb1&#8243; _builder_version=\u00bb4.23&#8243; _module_preset=\u00bbdefault\u00bb use_background_color_gradient=\u00bbon\u00bb background_color_gradient_direction=\u00bb90deg\u00bb background_color_gradient_stops=\u00bb#efefef 50%|#00325b 50%\u00bb background_color_tablet=\u00bb#efefef\u00bb background_last_edited=\u00bbon|tablet\u00bb background_enable_color_tablet=\u00bbon\u00bb use_background_color_gradient_tablet=\u00bboff\u00bb global_module=\u00bb3090&#8243; saved_tabs=\u00bball\u00bb locked=\u00bboff\u00bb global_colors_info=\u00bb{}\u00bb][et_pb_row column_structure=\u00bb1_2,1_2&#8243; make_equal=\u00bbon\u00bb custom_padding_last_edited=\u00bbon|tablet\u00bb _builder_version=\u00bb4.27.4&#8243; _module_preset=\u00bbdefault\u00bb custom_padding_tablet=\u00bb||0px||false|false\u00bb custom_padding_phone=\u00bb||0px||false|false\u00bb custom_css_main_element=\u00bbalign-items: center;\u00bb global_colors_info=\u00bb{}\u00bb custom_css_main_element_last_edited=\u00bbon|tablet\u00bb custom_css_main_element_tablet=\u00bbdisplay: flex;||flex-direction: column-reverse;\u00bb custom_css_main_element_phone=\u00bbdisplay: flex;||flex-direction: column-reverse;\u00bb][et_pb_column type=\u00bb1_2&#8243; _builder_version=\u00bb4.19.4&#8243; _module_preset=\u00bbdefault\u00bb custom_css_main_element=\u00bbmax-width: 500px;||margin: 0 auto;\u00bb global_colors_info=\u00bb{}\u00bb][et_pb_text _builder_version=\u00bb4.27.4&#8243; _module_preset=\u00bbdefault\u00bb header_4_font=\u00bb|||on|||||\u00bb header_4_text_color=\u00bb#0063BE\u00bb module_alignment=\u00bbcenter\u00bb custom_margin=\u00bb||||false|false\u00bb custom_padding=\u00bb|20%|||false|false\u00bb global_colors_info=\u00bb{}\u00bb]<\/p>\n<h5>Soluciones integrales<\/h5>\n<p>[\/et_pb_text][et_pb_text _builder_version=\u00bb4.27.4&#8243; _module_preset=\u00bbdefault\u00bb text_font=\u00bb|-et_global_body_font_weight|||||||\u00bb text_text_color=\u00bb#333333&#8243; text_font_size=\u00bb22px\u00bb text_line_height=\u00bb1.4em\u00bb header_3_line_height=\u00bb1.4em\u00bb header_4_font=\u00bb|||on|||||\u00bb module_alignment=\u00bbcenter\u00bb custom_margin=\u00bb||36px||false|false\u00bb custom_padding=\u00bb|20%|||false|false\u00bb global_colors_info=\u00bb{}\u00bb]<\/p>\n<h3><span style=\"color: #0063be;\">Disminuye<\/span> riesgos, <span style=\"color: #0063be;\">Optimiza<\/span> recursos y <span style=\"color: #0063be;\">Mejorar<\/span> la velocidad de comercializaci\u00f3n.<\/h3>\n<p>[\/et_pb_text][et_pb_button button_url=\u00bb@ET-DC@eyJkeW5hbWljIjp0cnVlLCJjb250ZW50IjoicG9zdF9saW5rX3VybF9wYWdlIiwic2V0dGluZ3MiOnsicG9zdF9pZCI6IjMyODUxOSJ9fQ==@\u00bb button_text=\u00bbM\u00e1s\u00bb button_alignment=\u00bbleft\u00bb _builder_version=\u00bb4.27.4&#8243; _dynamic_attributes=\u00bbbutton_url\u00bb _module_preset=\u00bbdefault\u00bb global_colors_info=\u00bb{}\u00bb][\/et_pb_button][\/et_pb_column][et_pb_column type=\u00bb1_2&#8243; _builder_version=\u00bb4.23&#8243; _module_preset=\u00bbdefault\u00bb global_colors_info=\u00bb{}\u00bb][et_pb_slider show_arrows=\u00bboff\u00bb show_pagination=\u00bboff\u00bb _builder_version=\u00bb4.27.4&#8243; _module_preset=\u00bbdefault\u00bb header_font=\u00bb||||||||\u00bb header_text_align=\u00bbright\u00bb max_width=\u00bb80%\u00bb max_width_tablet=\u00bb100%\u00bb max_width_phone=\u00bb100%\u00bb max_width_last_edited=\u00bbon|tablet\u00bb module_alignment=\u00bbcenter\u00bb height=\u00bb500px\u00bb height_tablet=\u00bb400px\u00bb height_phone=\u00bb300px\u00bb height_last_edited=\u00bbon|tablet\u00bb custom_margin_tablet=\u00bb||60px||false|false\u00bb custom_margin_phone=\u00bb||60px||false|false\u00bb custom_margin_last_edited=\u00bbon|tablet\u00bb custom_padding_tablet=\u00bb||||false|false\u00bb custom_padding_last_edited=\u00bboff|tablet\u00bb animation_style=\u00bbfade\u00bb animation_duration=\u00bb1500ms\u00bb animation_starting_opacity=\u00bb100%\u00bb auto=\u00bbon\u00bb custom_css_slide_description=\u00bbheight: 100%;||width: 100%;||animation-name: none;\u00bb custom_css_slide_title=\u00bbposition: absolute;||top: auto;||bottom: 0;||left: auto;||right: 0;\u00bb global_colors_info=\u00bb{}\u00bb][et_pb_slide heading=\u00bbDise\u00f1o y desarrollo de productos\u00bb _builder_version=\u00bb4.27.4&#8243; _module_preset=\u00bbdefault\u00bb use_background_color_gradient=\u00bbon\u00bb background_color_gradient_stops=\u00bbrgba(27,35,42,0) 60%|#1b232a 99%\u00bb background_color_gradient_overlays_image=\u00bbon\u00bb background_image=\u00bbhttps:\/\/www.mgsmfg.com\/wp-content\/uploads\/2023\/11\/Technolution-product-design-development-1.jpg\u00bb background_enable_image=\u00bbon\u00bb global_colors_info=\u00bb{}\u00bb sticky_transition=\u00bbon\u00bb][\/et_pb_slide][et_pb_slide heading=\u00bbUtillaje\u00bb _builder_version=\u00bb4.27.4&#8243; _module_preset=\u00bbdefault\u00bb use_background_color_gradient=\u00bbon\u00bb background_color_gradient_stops=\u00bbrgba(27,35,42,0) 60%|#1b232a 100%\u00bb background_color_gradient_overlays_image=\u00bbon\u00bb background_image=\u00bbhttps:\/\/www.mgsmfg.com\/wp-content\/uploads\/2023\/10\/mgs-main-inset-tooling.jpg\u00bb background_enable_image=\u00bbon\u00bb global_colors_info=\u00bb{}\u00bb sticky_transition=\u00bbon\u00bb][\/et_pb_slide][et_pb_slide heading=\u00bbAutomatizaci\u00f3n\u00bb _builder_version=\u00bb4.27.4&#8243; _module_preset=\u00bbdefault\u00bb use_background_color_gradient=\u00bbon\u00bb background_color_gradient_stops=\u00bbrgba(27,35,42,0) 60%|#1b232a 100%\u00bb background_color_gradient_overlays_image=\u00bbon\u00bb background_image=\u00bbhttps:\/\/www.mgsmfg.com\/wp-content\/uploads\/2023\/10\/mgs-main-inset-automation.jpg\u00bb background_enable_image=\u00bbon\u00bb global_colors_info=\u00bb{}\u00bb sticky_transition=\u00bbon\u00bb][\/et_pb_slide][et_pb_slide heading=\u00bbInnovaci\u00f3n y muestreo\u00bb _builder_version=\u00bb4.27.4&#8243; _module_preset=\u00bbdefault\u00bb use_background_color_gradient=\u00bbon\u00bb background_color_gradient_stops=\u00bbrgba(27,35,42,0) 60%|#1b232a 100%\u00bb background_color_gradient_overlays_image=\u00bbon\u00bb background_image=\u00bbhttps:\/\/www.mgsmfg.com\/wp-content\/uploads\/2022\/08\/formteknik_test_validation_2021_1000px_02.jpg\u00bb background_enable_image=\u00bbon\u00bb global_colors_info=\u00bb{}\u00bb sticky_transition=\u00bbon\u00bb][\/et_pb_slide][et_pb_slide heading=\u00bbFabricaci\u00f3n\u00bb _builder_version=\u00bb4.27.4&#8243; _module_preset=\u00bbdefault\u00bb use_background_color_gradient=\u00bbon\u00bb background_color_gradient_stops=\u00bbrgba(27,35,42,0) 60%|#1b232a 100%\u00bb background_color_gradient_overlays_image=\u00bbon\u00bb background_image=\u00bbhttps:\/\/www.mgsmfg.com\/wp-content\/uploads\/2023\/11\/mgs-locations-usa-germantown-final.jpg\u00bb background_enable_image=\u00bbon\u00bb global_colors_info=\u00bb{}\u00bb sticky_transition=\u00bbon\u00bb][\/et_pb_slide][\/et_pb_slider][\/et_pb_column][\/et_pb_row][\/et_pb_section]<\/p>\n","protected":false},"excerpt":{"rendered":"<p>Ubicaciones globales\u276fMGS DinamarcaEstablecimiento de un centro de manufactura para el sector salud Nuestras tres instalaciones en Dinamarca conforman el Centro Europeo de Dise\u00f1o e Ingenier\u00eda M\u00e9dica de MGS. Aqu\u00ed impulsamos innovaciones que mejoran vidas mediante componentes y ensamblajes completos de productos revolucionarios en los sectores farmac\u00e9utico, de diagn\u00f3stico y de tecnolog\u00eda m\u00e9dica (MedTech). En cada [&hellip;]<\/p>\n","protected":false},"author":1,"featured_media":0,"parent":339481,"menu_order":0,"comment_status":"closed","ping_status":"closed","template":"","meta":{"_acf_changed":false,"_et_pb_use_builder":"on","_et_pb_old_content":"","_et_gb_content_width":"","footnotes":"","_links_to":"","_links_to_target":""},"difl_page_category":[],"class_list":["post-339537","page","type-page","status-publish","hentry"],"acf":[],"yoast_head":"<!-- This site is optimized with the Yoast SEO plugin v27.3 - https:\/\/yoast.com\/product\/yoast-seo-wordpress\/ -->\n<title>MGS Dinamarca | MGS Healthcare Manufacturing<\/title>\n<meta name=\"description\" content=\"Conoce m\u00e1s sobre MGS Roskilde, Technolution y MGS Lynge, y sobre c\u00f3mo estas instalaciones se han convertido en centros clave para el dise\u00f1o e ingenier\u00eda m\u00e9dica en toda Dinamarca.\" \/>\n<meta name=\"robots\" content=\"index, follow, max-snippet:-1, max-image-preview:large, max-video-preview:-1\" \/>\n<link rel=\"canonical\" href=\"https:\/\/www.mgsmfg.com\/es\/ubicaciones-globales\/mgs-dinamarca\/\" \/>\n<meta property=\"og:locale\" content=\"es_ES\" \/>\n<meta property=\"og:type\" content=\"article\" \/>\n<meta property=\"og:title\" content=\"MGS Dinamarca | MGS Healthcare Manufacturing\" \/>\n<meta property=\"og:description\" content=\"Conoce m\u00e1s sobre MGS Roskilde, Technolution y MGS Lynge, y sobre c\u00f3mo estas instalaciones se han convertido en centros clave para el dise\u00f1o e ingenier\u00eda m\u00e9dica en toda Dinamarca.\" \/>\n<meta property=\"og:url\" content=\"https:\/\/www.mgsmfg.com\/es\/ubicaciones-globales\/mgs-dinamarca\/\" \/>\n<meta property=\"og:site_name\" content=\"MGS Healthcare Manufacturing\" \/>\n<meta property=\"article:publisher\" content=\"https:\/\/www.facebook.com\/MGS-Mfg-Group-Inc-527848147407768\/\" \/>\n<meta property=\"article:modified_time\" content=\"2025-09-30T18:19:58+00:00\" \/>\n<meta property=\"og:image\" content=\"https:\/\/www.mgsmfg.com\/wp-content\/uploads\/2023\/11\/mgs-healthcare-manufacturing-featured-image-3.jpg\" \/>\n\t<meta property=\"og:image:width\" content=\"1200\" \/>\n\t<meta property=\"og:image:height\" content=\"675\" \/>\n\t<meta property=\"og:image:type\" content=\"image\/jpeg\" \/>\n<meta name=\"twitter:card\" content=\"summary_large_image\" \/>\n<meta name=\"twitter:label1\" content=\"Tiempo de lectura\" \/>\n\t<meta name=\"twitter:data1\" content=\"3 minutos\" \/>\n<script type=\"application\/ld+json\" class=\"yoast-schema-graph\">{\"@context\":\"https:\\\/\\\/schema.org\",\"@graph\":[{\"@type\":\"WebPage\",\"@id\":\"https:\\\/\\\/www.mgsmfg.com\\\/es\\\/ubicaciones-globales\\\/mgs-dinamarca\\\/\",\"url\":\"https:\\\/\\\/www.mgsmfg.com\\\/es\\\/ubicaciones-globales\\\/mgs-dinamarca\\\/\",\"name\":\"MGS Dinamarca | MGS Healthcare Manufacturing\",\"isPartOf\":{\"@id\":\"https:\\\/\\\/mgsmfg.staging.tempurl.host\\\/#website\"},\"datePublished\":\"2023-11-07T18:33:05+00:00\",\"dateModified\":\"2025-09-30T18:19:58+00:00\",\"description\":\"Conoce m\u00e1s sobre MGS Roskilde, Technolution y MGS Lynge, y sobre c\u00f3mo estas instalaciones se han convertido en centros clave para el dise\u00f1o e ingenier\u00eda m\u00e9dica en toda Dinamarca.\",\"breadcrumb\":{\"@id\":\"https:\\\/\\\/www.mgsmfg.com\\\/es\\\/ubicaciones-globales\\\/mgs-dinamarca\\\/#breadcrumb\"},\"inLanguage\":\"es\",\"potentialAction\":[{\"@type\":\"ReadAction\",\"target\":[\"https:\\\/\\\/www.mgsmfg.com\\\/es\\\/ubicaciones-globales\\\/mgs-dinamarca\\\/\"]}]},{\"@type\":\"BreadcrumbList\",\"@id\":\"https:\\\/\\\/www.mgsmfg.com\\\/es\\\/ubicaciones-globales\\\/mgs-dinamarca\\\/#breadcrumb\",\"itemListElement\":[{\"@type\":\"ListItem\",\"position\":1,\"name\":\"Home\",\"item\":\"https:\\\/\\\/www.mgsmfg.com\\\/es\\\/\"},{\"@type\":\"ListItem\",\"position\":2,\"name\":\"Ubicaciones globales\",\"item\":\"https:\\\/\\\/www.mgsmfg.com\\\/es\\\/ubicaciones-globales\\\/\"},{\"@type\":\"ListItem\",\"position\":3,\"name\":\"MGS Dinamarca\",\"item\":\"https:\\\/\\\/www.mgsmfg.com\\\/es\\\/ubicaciones-globales\\\/mgs-dinamarca\\\/\"}]},{\"@type\":\"WebSite\",\"@id\":\"https:\\\/\\\/mgsmfg.staging.tempurl.host\\\/#website\",\"url\":\"https:\\\/\\\/mgsmfg.staging.tempurl.host\\\/\",\"name\":\"MGS\",\"description\":\"Imagination to Realization\",\"publisher\":{\"@id\":\"https:\\\/\\\/mgsmfg.staging.tempurl.host\\\/#organization\"},\"potentialAction\":[{\"@type\":\"SearchAction\",\"target\":{\"@type\":\"EntryPoint\",\"urlTemplate\":\"https:\\\/\\\/mgsmfg.staging.tempurl.host\\\/?s={search_term_string}\"},\"query-input\":{\"@type\":\"PropertyValueSpecification\",\"valueRequired\":true,\"valueName\":\"search_term_string\"}}],\"inLanguage\":\"es\"},{\"@type\":\"Organization\",\"@id\":\"https:\\\/\\\/mgsmfg.staging.tempurl.host\\\/#organization\",\"name\":\"MGS\",\"url\":\"https:\\\/\\\/mgsmfg.staging.tempurl.host\\\/\",\"logo\":{\"@type\":\"ImageObject\",\"inLanguage\":\"es\",\"@id\":\"https:\\\/\\\/mgsmfg.staging.tempurl.host\\\/#\\\/schema\\\/logo\\\/image\\\/\",\"url\":\"https:\\\/\\\/www.mgsmfg.com\\\/wp-content\\\/uploads\\\/2023\\\/11\\\/MGS-Logo-Horizontal-Final-RGB-450X90.png\",\"contentUrl\":\"https:\\\/\\\/www.mgsmfg.com\\\/wp-content\\\/uploads\\\/2023\\\/11\\\/MGS-Logo-Horizontal-Final-RGB-450X90.png\",\"width\":450,\"height\":90,\"caption\":\"MGS\"},\"image\":{\"@id\":\"https:\\\/\\\/mgsmfg.staging.tempurl.host\\\/#\\\/schema\\\/logo\\\/image\\\/\"},\"sameAs\":[\"https:\\\/\\\/www.facebook.com\\\/MGS-Mfg-Group-Inc-527848147407768\\\/\"]}]}<\/script>\n<!-- \/ Yoast SEO plugin. -->","yoast_head_json":{"title":"MGS Dinamarca | MGS Healthcare Manufacturing","description":"Conoce m\u00e1s sobre MGS Roskilde, Technolution y MGS Lynge, y sobre c\u00f3mo estas instalaciones se han convertido en centros clave para el dise\u00f1o e ingenier\u00eda m\u00e9dica en toda Dinamarca.","robots":{"index":"index","follow":"follow","max-snippet":"max-snippet:-1","max-image-preview":"max-image-preview:large","max-video-preview":"max-video-preview:-1"},"canonical":"https:\/\/www.mgsmfg.com\/es\/ubicaciones-globales\/mgs-dinamarca\/","og_locale":"es_ES","og_type":"article","og_title":"MGS Dinamarca | MGS Healthcare Manufacturing","og_description":"Conoce m\u00e1s sobre MGS Roskilde, Technolution y MGS Lynge, y sobre c\u00f3mo estas instalaciones se han convertido en centros clave para el dise\u00f1o e ingenier\u00eda m\u00e9dica en toda Dinamarca.","og_url":"https:\/\/www.mgsmfg.com\/es\/ubicaciones-globales\/mgs-dinamarca\/","og_site_name":"MGS Healthcare Manufacturing","article_publisher":"https:\/\/www.facebook.com\/MGS-Mfg-Group-Inc-527848147407768\/","article_modified_time":"2025-09-30T18:19:58+00:00","og_image":[{"width":1200,"height":675,"url":"https:\/\/www.mgsmfg.com\/wp-content\/uploads\/2023\/11\/mgs-healthcare-manufacturing-featured-image-3.jpg","type":"image\/jpeg"}],"twitter_card":"summary_large_image","twitter_misc":{"Tiempo de lectura":"3 minutos"},"schema":{"@context":"https:\/\/schema.org","@graph":[{"@type":"WebPage","@id":"https:\/\/www.mgsmfg.com\/es\/ubicaciones-globales\/mgs-dinamarca\/","url":"https:\/\/www.mgsmfg.com\/es\/ubicaciones-globales\/mgs-dinamarca\/","name":"MGS Dinamarca | MGS Healthcare Manufacturing","isPartOf":{"@id":"https:\/\/mgsmfg.staging.tempurl.host\/#website"},"datePublished":"2023-11-07T18:33:05+00:00","dateModified":"2025-09-30T18:19:58+00:00","description":"Conoce m\u00e1s sobre MGS Roskilde, Technolution y MGS Lynge, y sobre c\u00f3mo estas instalaciones se han convertido en centros clave para el dise\u00f1o e ingenier\u00eda m\u00e9dica en toda Dinamarca.","breadcrumb":{"@id":"https:\/\/www.mgsmfg.com\/es\/ubicaciones-globales\/mgs-dinamarca\/#breadcrumb"},"inLanguage":"es","potentialAction":[{"@type":"ReadAction","target":["https:\/\/www.mgsmfg.com\/es\/ubicaciones-globales\/mgs-dinamarca\/"]}]},{"@type":"BreadcrumbList","@id":"https:\/\/www.mgsmfg.com\/es\/ubicaciones-globales\/mgs-dinamarca\/#breadcrumb","itemListElement":[{"@type":"ListItem","position":1,"name":"Home","item":"https:\/\/www.mgsmfg.com\/es\/"},{"@type":"ListItem","position":2,"name":"Ubicaciones globales","item":"https:\/\/www.mgsmfg.com\/es\/ubicaciones-globales\/"},{"@type":"ListItem","position":3,"name":"MGS Dinamarca","item":"https:\/\/www.mgsmfg.com\/es\/ubicaciones-globales\/mgs-dinamarca\/"}]},{"@type":"WebSite","@id":"https:\/\/mgsmfg.staging.tempurl.host\/#website","url":"https:\/\/mgsmfg.staging.tempurl.host\/","name":"MGS","description":"Imagination to Realization","publisher":{"@id":"https:\/\/mgsmfg.staging.tempurl.host\/#organization"},"potentialAction":[{"@type":"SearchAction","target":{"@type":"EntryPoint","urlTemplate":"https:\/\/mgsmfg.staging.tempurl.host\/?s={search_term_string}"},"query-input":{"@type":"PropertyValueSpecification","valueRequired":true,"valueName":"search_term_string"}}],"inLanguage":"es"},{"@type":"Organization","@id":"https:\/\/mgsmfg.staging.tempurl.host\/#organization","name":"MGS","url":"https:\/\/mgsmfg.staging.tempurl.host\/","logo":{"@type":"ImageObject","inLanguage":"es","@id":"https:\/\/mgsmfg.staging.tempurl.host\/#\/schema\/logo\/image\/","url":"https:\/\/www.mgsmfg.com\/wp-content\/uploads\/2023\/11\/MGS-Logo-Horizontal-Final-RGB-450X90.png","contentUrl":"https:\/\/www.mgsmfg.com\/wp-content\/uploads\/2023\/11\/MGS-Logo-Horizontal-Final-RGB-450X90.png","width":450,"height":90,"caption":"MGS"},"image":{"@id":"https:\/\/mgsmfg.staging.tempurl.host\/#\/schema\/logo\/image\/"},"sameAs":["https:\/\/www.facebook.com\/MGS-Mfg-Group-Inc-527848147407768\/"]}]}},"_links":{"self":[{"href":"https:\/\/www.mgsmfg.com\/es\/wp-json\/wp\/v2\/pages\/339537","targetHints":{"allow":["GET"]}}],"collection":[{"href":"https:\/\/www.mgsmfg.com\/es\/wp-json\/wp\/v2\/pages"}],"about":[{"href":"https:\/\/www.mgsmfg.com\/es\/wp-json\/wp\/v2\/types\/page"}],"author":[{"embeddable":true,"href":"https:\/\/www.mgsmfg.com\/es\/wp-json\/wp\/v2\/users\/1"}],"replies":[{"embeddable":true,"href":"https:\/\/www.mgsmfg.com\/es\/wp-json\/wp\/v2\/comments?post=339537"}],"version-history":[{"count":12,"href":"https:\/\/www.mgsmfg.com\/es\/wp-json\/wp\/v2\/pages\/339537\/revisions"}],"predecessor-version":[{"id":347476,"href":"https:\/\/www.mgsmfg.com\/es\/wp-json\/wp\/v2\/pages\/339537\/revisions\/347476"}],"up":[{"embeddable":true,"href":"https:\/\/www.mgsmfg.com\/es\/wp-json\/wp\/v2\/pages\/339481"}],"wp:attachment":[{"href":"https:\/\/www.mgsmfg.com\/es\/wp-json\/wp\/v2\/media?parent=339537"}],"wp:term":[{"taxonomy":"difl_page_category","embeddable":true,"href":"https:\/\/www.mgsmfg.com\/es\/wp-json\/wp\/v2\/difl_page_category?post=339537"}],"curies":[{"name":"wp","href":"https:\/\/api.w.org\/{rel}","templated":true}]}}