{"id":339523,"date":"2018-07-25T05:30:09","date_gmt":"2018-07-25T10:30:09","guid":{"rendered":"https:\/\/www.mgsmfg.com\/contacta-con-nosotros\/"},"modified":"2025-09-22T18:03:36","modified_gmt":"2025-09-22T23:03:36","slug":"contactanos","status":"publish","type":"page","link":"https:\/\/www.mgsmfg.com\/es\/contactanos\/","title":{"rendered":"Cont\u00e1ctanos"},"content":{"rendered":"<p>[et_pb_section fb_built=\u00bb1&#8243; custom_padding_last_edited=\u00bbon|desktop\u00bb _builder_version=\u00bb4.27.4&#8243; _module_preset=\u00bbdefault\u00bb background_enable_image=\u00bboff\u00bb background_size=\u00bbcontain\u00bb background_position=\u00bbcenter_right\u00bb custom_padding=\u00bb100px||30px||false|false\u00bb custom_padding_tablet=\u00bb60px||60px||false|false\u00bb custom_padding_phone=\u00bb60px||60px||false|false\u00bb custom_css_free_form=\u00bb.et_pb_section_0.et_pb_section {||    padding-top: 100px;||    padding-bottom: 100px;||}||||.et_pb_text_1 {||  max-width: 870px;||}\u00bb locked=\u00bboff\u00bb global_colors_info=\u00bb{}\u00bb][et_pb_row column_structure=\u00bb3_4,1_4&#8243; custom_padding_last_edited=\u00bbon|tablet\u00bb _builder_version=\u00bb4.27.4&#8243; _module_preset=\u00bbdefault\u00bb custom_padding_tablet=\u00bb||0px||false|false\u00bb custom_padding_phone=\u00bb||0px||false|false\u00bb animation_direction=\u00bbbottom\u00bb scroll_vertical_motion=\u00bb34|50|50|65|1|0|-1&#8243; motion_trigger_start=\u00bbbottom\u00bb global_colors_info=\u00bb{}\u00bb][et_pb_column type=\u00bb3_4&#8243; _builder_version=\u00bb4.27.4&#8243; _module_preset=\u00bbdefault\u00bb custom_padding_tablet=\u00bb||0px||false|false\u00bb custom_padding_phone=\u00bb||0px||false|false\u00bb custom_padding_last_edited=\u00bbon|tablet\u00bb global_colors_info=\u00bb{}\u00bb][et_pb_text content_last_edited=\u00bboff|desktop\u00bb disabled_on=\u00bboff|off|off\u00bb _builder_version=\u00bb4.27.4&#8243; _module_preset=\u00bbdefault\u00bb text_font=\u00bb|600||on|||||\u00bb text_text_color=\u00bb#0063BE\u00bb text_font_size=\u00bb15px\u00bb header_font=\u00bb|||on|||||\u00bb custom_margin=\u00bb||0px||false|false\u00bb locked=\u00bboff\u00bb global_colors_info=\u00bb{}\u00bb]<\/p>\n<p id=\"breadcrumbs\"><span>Cont\u00e1ctanos<\/span><\/p>\n<p>[\/et_pb_text][et_pb_text _builder_version=\u00bb4.27.4&#8243; _module_preset=\u00bbdefault\u00bb max_width=\u00bb870px\u00bb module_alignment=\u00bbleft\u00bb global_colors_info=\u00bb{}\u00bb]<\/p>\n<h1 style=\"margin-bottom: 30px;\">\u00a1Gracias por tu inter\u00e9s en MGS!<\/h1>\n<p>Como fabricante global del sector salud en la industria del pl\u00e1stico, que ofrece soluciones integrales para clientes de los sectores farmac\u00e9utico, diagn\u00f3stico y tecnolog\u00eda m\u00e9dica, tenemos mucho que compartir. Comun\u00edcate con cualquiera de nuestras ubicaciones globales de ingenier\u00eda y manufactura, o <a href=\"#form-section\">completa el formulario que se muestra a continuaci\u00f3n<\/a> y nos pondremos en contacto contigo en breve. <\/p>\n<p>[\/et_pb_text][\/et_pb_column][et_pb_column type=\u00bb1_4&#8243; _builder_version=\u00bb4.23&#8243; _module_preset=\u00bbdefault\u00bb global_colors_info=\u00bb{}\u00bb][\/et_pb_column][\/et_pb_row][\/et_pb_section][et_pb_section fb_built=\u00bb1&#8243; _builder_version=\u00bb4.27.4&#8243; _module_preset=\u00bbdefault\u00bb background_color=\u00bbRGBA(255,255,255,0)\u00bb custom_padding=\u00bb||0px|||\u00bb global_colors_info=\u00bb{}\u00bb][et_pb_row column_structure=\u00bb1_3,1_3,1_3&#8243; custom_padding_last_edited=\u00bbon|tablet\u00bb _builder_version=\u00bb4.23.1&#8243; _module_preset=\u00bbdefault\u00bb custom_padding_tablet=\u00bb||0px||false|false\u00bb custom_padding_phone=\u00bb||0px||false|false\u00bb global_colors_info=\u00bb{}\u00bb][et_pb_column type=\u00bb1_3&#8243; _builder_version=\u00bb4.23&#8243; _module_preset=\u00bbdefault\u00bb global_colors_info=\u00bb{}\u00bb][et_pb_text _builder_version=\u00bb4.27.4&#8243; _module_preset=\u00bbdefault\u00bb global_colors_info=\u00bb{}\u00bb]<\/p>\n<h3>Centro de Innovaci\u00f3n y Oficina Central de MGS<\/h3>\n<p>W188 N11707 Maple Road<br \/>Germantown, Wisconsin, EE.UU. 53022<br \/>Tel\u00e9fono: +1 (262) 255-5790<br \/>Fax: +1 (262) 255-7206<\/p>\n<p>[\/et_pb_text][\/et_pb_column][et_pb_column type=\u00bb1_3&#8243; _builder_version=\u00bb4.23&#8243; _module_preset=\u00bbdefault\u00bb global_colors_info=\u00bb{}\u00bb][et_pb_text _builder_version=\u00bb4.23.1&#8243; _module_preset=\u00bbdefault\u00bb global_colors_info=\u00bb{}\u00bb]<\/p>\n<h3>Instalaciones de Manufactura MGS Germantown<\/h3>\n<p>N117 W19125 Fulton Drive<br \/>Germantown, WI 53022<br \/>Tel\u00e9fono: +1 (262) 255-5790<br \/>Fax: +1 (262) 255-7206<\/p>\n<p>[\/et_pb_text][\/et_pb_column][et_pb_column type=\u00bb1_3&#8243; _builder_version=\u00bb4.23&#8243; _module_preset=\u00bbdefault\u00bb global_colors_info=\u00bb{}\u00bb][et_pb_text _builder_version=\u00bb4.23&#8243; _module_preset=\u00bbdefault\u00bb global_colors_info=\u00bb{}\u00bb]<\/p>\n<h3>MGS Richfield<\/h3>\n<p>N128 W20955 Holy Hill Rd.<br \/>Richfield, WI, 53076<br \/>Tel\u00e9fono: +1 (262) 255-5790<br \/>Fax: +1 (262) 255-7206<\/p>\n<p>[\/et_pb_text][\/et_pb_column][\/et_pb_row][et_pb_row column_structure=\u00bb1_3,1_3,1_3&#8243; custom_padding_last_edited=\u00bbon|tablet\u00bb _builder_version=\u00bb4.23.1&#8243; _module_preset=\u00bbdefault\u00bb custom_padding_tablet=\u00bb||0px||false|false\u00bb custom_padding_phone=\u00bb||0px||false|false\u00bb global_colors_info=\u00bb{}\u00bb][et_pb_column type=\u00bb1_3&#8243; _builder_version=\u00bb4.23&#8243; _module_preset=\u00bbdefault\u00bb global_colors_info=\u00bb{}\u00bb][et_pb_text _builder_version=\u00bb4.23&#8243; _module_preset=\u00bbdefault\u00bb global_colors_info=\u00bb{}\u00bb]<\/p>\n<h3>MGS Cartago<\/h3>\n<p><em>Pr\u00f3ximamente<\/em><\/p>\n<p>&nbsp;<\/p>\n<p>[\/et_pb_text][\/et_pb_column][et_pb_column type=\u00bb1_3&#8243; _builder_version=\u00bb4.23&#8243; _module_preset=\u00bbdefault\u00bb global_colors_info=\u00bb{}\u00bb][et_pb_text _builder_version=\u00bb4.27.4&#8243; _module_preset=\u00bbdefault\u00bb global_colors_info=\u00bb{}\u00bb]<\/p>\n<h3>MGS Ju\u00e1rez<\/h3>\n<p>Manuel Sandoval Vallarta #420<br \/>Parque Industrial R\u00edo Bravo Cd. Ju\u00e1rez, Chih.<br \/>32557 M\u00e9xico<br \/>Tel\u00e9fono: +52 656 892 5100 <\/p>\n<p>[\/et_pb_text][\/et_pb_column][et_pb_column type=\u00bb1_3&#8243; _builder_version=\u00bb4.23&#8243; _module_preset=\u00bbdefault\u00bb global_colors_info=\u00bb{}\u00bb][et_pb_text _builder_version=\u00bb4.24.3&#8243; _module_preset=\u00bbdefault\u00bb global_colors_info=\u00bb{}\u00bb]<\/p>\n<h3>MGS Leixlip<\/h3>\n<p>Building 3, Kildare Innovation Campus<br \/>Barnhall Road, Leixlip, County Kildare, Irlanda<br \/>Tel\u00e9fono: +353 01 624 8991<\/p>\n<p>[\/et_pb_text][\/et_pb_column][\/et_pb_row][et_pb_row column_structure=\u00bb1_3,1_3,1_3&#8243; custom_padding_last_edited=\u00bbon|tablet\u00bb _builder_version=\u00bb4.23.1&#8243; _module_preset=\u00bbdefault\u00bb custom_padding=\u00bb||||false|false\u00bb custom_padding_tablet=\u00bb||0px||false|false\u00bb custom_padding_phone=\u00bb||0px||false|false\u00bb global_colors_info=\u00bb{}\u00bb][et_pb_column type=\u00bb1_3&#8243; _builder_version=\u00bb4.23&#8243; _module_preset=\u00bbdefault\u00bb global_colors_info=\u00bb{}\u00bb][et_pb_text _builder_version=\u00bb4.23&#8243; _module_preset=\u00bbdefault\u00bb global_colors_info=\u00bb{}\u00bb]<\/p>\n<h3>MGS Anderstorp<\/h3>\n<p>V\u00e4stra G\u00f6tgatan 5<br \/>SE-334 32 Anderstorp, Suecia<br \/>Tel\u00e9fono: +46 371 57 08 00<\/p>\n<p>[\/et_pb_text][\/et_pb_column][et_pb_column type=\u00bb1_3&#8243; _builder_version=\u00bb4.23&#8243; _module_preset=\u00bbdefault\u00bb global_colors_info=\u00bb{}\u00bb][et_pb_text _builder_version=\u00bb4.27.4&#8243; _module_preset=\u00bbdefault\u00bb global_colors_info=\u00bb{}\u00bb]<\/p>\n<h3>MGS Dortmund<\/h3>\n<p>Carlo-Schmid-Allee 3<br \/>DE-44263 Dortmund, Alemania<br \/>Tel\u00e9fono: +49 231 47730 7124<\/p>\n<p>[\/et_pb_text][\/et_pb_column][et_pb_column type=\u00bb1_3&#8243; _builder_version=\u00bb4.23&#8243; _module_preset=\u00bbdefault\u00bb global_colors_info=\u00bb{}\u00bb][et_pb_text _builder_version=\u00bb4.24.3&#8243; _module_preset=\u00bbdefault\u00bb global_colors_info=\u00bb{}\u00bb]<\/p>\n<h3>MGS Beringen<\/h3>\n<p>Onze-Lieve-Vrouwstraat 13\/2<br \/>3580 Beringen, B\u00e9lgica<br \/>Tel\u00e9fono: +32 11 45 85 85<br \/>Fax: +32 11 45 85 86<\/p>\n<p>[\/et_pb_text][\/et_pb_column][\/et_pb_row][et_pb_row column_structure=\u00bb1_3,1_3,1_3&#8243; _builder_version=\u00bb4.23&#8243; _module_preset=\u00bbdefault\u00bb custom_padding=\u00bb||0px|||\u00bb global_colors_info=\u00bb{}\u00bb][et_pb_column type=\u00bb1_3&#8243; _builder_version=\u00bb4.23&#8243; _module_preset=\u00bbdefault\u00bb global_colors_info=\u00bb{}\u00bb][et_pb_text _builder_version=\u00bb4.23&#8243; _module_preset=\u00bbdefault\u00bb global_colors_info=\u00bb{}\u00bb]<\/p>\n<h3>MGS Roskilde<\/h3>\n<p>Vestre Hedevej 16<br \/>DK-4000 Roskilde, Dinamarca<br \/>Tel\u00e9fono: +45 8832 1500<\/p>\n<p>[\/et_pb_text][\/et_pb_column][et_pb_column type=\u00bb1_3&#8243; _builder_version=\u00bb4.23&#8243; _module_preset=\u00bbdefault\u00bb global_colors_info=\u00bb{}\u00bb][et_pb_text _builder_version=\u00bb4.27.4&#8243; _module_preset=\u00bbdefault\u00bb hover_enabled=\u00bb0&#8243; global_colors_info=\u00bb{}\u00bb sticky_enabled=\u00bb0&#8243;]<\/p>\n<h3>MGS Horsholm<\/h3>\n<p>Lyngs\u00f8 All\u00e9 3B<br \/>2970 H\u00f8rsholm, Dinamarca<br \/>Tel\u00e9fono: +45 4526 1000<\/p>\n<p>[\/et_pb_text][\/et_pb_column][et_pb_column type=\u00bb1_3&#8243; _builder_version=\u00bb4.23&#8243; _module_preset=\u00bbdefault\u00bb global_colors_info=\u00bb{}\u00bb][et_pb_text _builder_version=\u00bb4.24.2&#8243; _module_preset=\u00bbdefault\u00bb global_colors_info=\u00bb{}\u00bb]<\/p>\n<h3>MGS Lynge<\/h3>\n<p>Tofteengen 5-7<br \/>3540 Lynge, Dinamarca<br \/>Tel\u00e9fono: +45 4818 9900<\/p>\n<p>[\/et_pb_text][\/et_pb_column][\/et_pb_row][\/et_pb_section][et_pb_section fb_built=\u00bb1&#8243; _builder_version=\u00bb4.23.1&#8243; _module_preset=\u00bbdefault\u00bb global_colors_info=\u00bb{}\u00bb][et_pb_row module_id=\u00bbform-section\u00bb _builder_version=\u00bb4.23.1&#8243; _module_preset=\u00bbdefault\u00bb max_width=\u00bb950px\u00bb module_alignment=\u00bbcenter\u00bb global_colors_info=\u00bb{}\u00bb][et_pb_column type=\u00bb4_4&#8243; _builder_version=\u00bb4.23&#8243; _module_preset=\u00bbdefault\u00bb global_colors_info=\u00bb{}\u00bb][et_pb_text module_class=\u00bbcontact-form\u00bb _builder_version=\u00bb4.23.4&#8243; _module_preset=\u00bbdefault\u00bb text_orientation=\u00bbcenter\u00bb custom_margin=\u00bb0px||||false|false\u00bb global_colors_info=\u00bb{}\u00bb]<\/p>\n<p><strong>Para ponerte en contacto con nosotros o solicitar un presupuesto, env\u00eda un correo electr\u00f3nico a <a href=\"mailto:c&#111;&#110;tac&#116;&#64;m&#103;&#115;&#109;&#102;&#103;&#46;co&#109;\">contact@mgsmfg.com.<\/a><\/strong><br \/>Se recomienda a los nuevos clientes incluir un acuerdo de confidencialidad o un acuerdo de no divulgaci\u00f3n. <\/p>\n<p>[\/et_pb_text][et_pb_code _builder_version=\u00bb4.25.1&#8243; _module_preset=\u00bbdefault\u00bb global_colors_info=\u00bb{}\u00bb]<!-- Pardot Contact Form  --><!-- [et_pb_line_break_holder] --><iframe src=\"https:\/\/go.mgsmfg.com\/l\/1043671\/2024-06-05\/51klx4\" width=\"100%\" height=\"500\" type=\"text\/html\" frameborder=\"0\" allowtransparency=\"true\" style=\"border: 0\"><\/iframe> [\/et_pb_code][et_pb_text module_class=\u00bbcontact-form\u00bb _builder_version=\u00bb4.27.4&#8243; _module_preset=\u00bbdefault\u00bb max_width=\u00bb850px\u00bb module_alignment=\u00bbleft\u00bb custom_margin=\u00bb0px||||false|false\u00bb global_colors_info=\u00bb{}\u00bb]<\/p>\n<p><a href=\"https:\/\/www.mgsmfg.com\/wp-content\/uploads\/2025\/01\/MGSS-7.5-003-MGS-PO-Terms-and-Conditions-Rev-5.2.pdf\" rel=\"attachment noopener wp-att-331351\" style=\"font-size: 17px;\" target=\"_blank\">Condiciones de la orden de compra<\/a><\/p>\n<p><a href=\"https:\/\/www.mgsmfg.com\/wp-content\/uploads\/2024\/01\/MGSS-7.5-005-MGS-PO-Terms-Conditions-Spanish-Rev-2.0.pdf\" rel=\"attachment noopener wp-att-331352\" target=\"_blank\">T\u00e9rminos y condiciones de la orden de compra - Espa\u00f1ol<\/a><\/p>\n<p><a href=\"https:\/\/www.mgsmfg.com\/wp-content\/uploads\/2021\/05\/Standard-Tooling-and-Automation-Terms-and-Conditions-of-Sale-12.30.20-1.pdf\" target=\"_blank\" rel=\"noopener\">T\u00e9rminos y condiciones generales de venta para herramientas y automatizaci\u00f3n<\/a><\/p>\n<p><a href=\"https:\/\/www.mgsmfg.com\/wp-content\/uploads\/2021\/05\/Standard-Molding-Group-Terms-and-Conditions-of-Sale-12.30.20-1.pdf\" target=\"_blank\" rel=\"noopener\">T\u00e9rminos y condiciones generales de venta para moldeo<\/a><\/p>\n<p>Para acceder a los archivos legibles por m\u00e1quina que inclu\u00edan informaci\u00f3n detallada sobre los precios de los art\u00edculos y servicios sanitarios a trav\u00e9s de la red UnitedHealthcare Choice Plus mediante UMR, haz clic en la siguiente p\u00e1gina p\u00fablica: <a href=\"https:\/\/transparency-in-coverage.uhc.com\/\" target=\"_blank\" rel=\"noopener\">Transparencia en la Cobertura<\/a>. Estos archivos estar\u00e1n disponibles para quien quiera verlos.<\/p>\n<p>[\/et_pb_text][et_pb_text _builder_version=\u00bb4.27.4&#8243; _module_preset=\u00bbdefault\u00bb header_2_font=\u00bb||||||||\u00bb background_enable_color=\u00bboff\u00bb custom_margin=\u00bb||-2px|||\u00bb custom_padding=\u00bb15px||15px||true|false\u00bb global_colors_info=\u00bb{}\u00bb]<\/p>\n<h2>Solicitar presupuesto<\/h2>\n<h5>Incluye la siguiente informaci\u00f3n:<\/h5>\n<p>Nombre<br \/>Correo electr\u00f3nico<br \/>N\u00famero de tel\u00e9fono<br \/>Descripci\u00f3n del proyecto<br \/>Servicios solicitados<\/p>\n<p>[\/et_pb_text][\/et_pb_column][\/et_pb_row][\/et_pb_section][et_pb_section fb_built=\u00bb1&#8243; _builder_version=\u00bb4.23&#8243; _module_preset=\u00bbdefault\u00bb background_color=\u00bb#efefef\u00bb global_colors_info=\u00bb{}\u00bb][et_pb_row _builder_version=\u00bb4.23.1&#8243; _module_preset=\u00bbdefault\u00bb max_width=\u00bb950px\u00bb module_alignment=\u00bbcenter\u00bb global_colors_info=\u00bb{}\u00bb][et_pb_column type=\u00bb4_4&#8243; _builder_version=\u00bb4.23&#8243; _module_preset=\u00bbdefault\u00bb global_colors_info=\u00bb{}\u00bb][et_pb_text _builder_version=\u00bb4.27.4&#8243; _module_preset=\u00bbdefault\u00bb header_2_font=\u00bb||||||||\u00bb max_width=\u00bb850px\u00bb global_colors_info=\u00bb{}\u00bb]<\/p>\n<h2>Consultas de proveedores<\/h2>\n<p>MGS Mfg. Group est\u00e1 asociado con muchos proveedores excepcionales en quienes confiamos para satisfacer las necesidades de nuestros clientes. Si est\u00e1s interesado en convertirte en proveedor de MGS, env\u00edanos un correo electr\u00f3nico con una breve presentaci\u00f3n de los servicios de tu empresa y las razones por las que consideras que ser\u00eda un buen proveedor para MGS.<br \/>La informaci\u00f3n ser\u00e1 remitida a los l\u00edderes de equipo correspondientes para su evaluaci\u00f3n.   <\/p>\n<p>[\/et_pb_text][\/et_pb_column][\/et_pb_row][\/et_pb_section]<\/p>\n","protected":false},"excerpt":{"rendered":"<p>Cont\u00e1ctanos\u00a1Gracias por tu inter\u00e9s en MGS! Como fabricante global del sector salud en la industria del pl\u00e1stico, que ofrece soluciones integrales para clientes de los sectores farmac\u00e9utico, diagn\u00f3stico y tecnolog\u00eda m\u00e9dica, tenemos mucho que compartir. Comun\u00edcate con cualquiera de nuestras ubicaciones globales de ingenier\u00eda y manufactura, o completa el formulario que se muestra a continuaci\u00f3n [&hellip;]<\/p>\n","protected":false},"author":1,"featured_media":0,"parent":0,"menu_order":0,"comment_status":"closed","ping_status":"closed","template":"","meta":{"_acf_changed":false,"_et_pb_use_builder":"on","_et_pb_old_content":"","_et_gb_content_width":"","footnotes":"","_links_to":"","_links_to_target":""},"difl_page_category":[],"class_list":["post-339523","page","type-page","status-publish","hentry"],"acf":[],"yoast_head":"<!-- This site is optimized with the Yoast SEO plugin v27.3 - https:\/\/yoast.com\/product\/yoast-seo-wordpress\/ -->\n<title>Cont\u00e1ctanos | MGS Healthcare Manufacturing<\/title>\n<meta name=\"description\" content=\"Como empresa global de fabricaci\u00f3n en la industria del pl\u00e1stico, que atiende a una amplia variedad de sectores y aplicaciones, tenemos mucho que compartir. Cont\u00e1ctanos.\" \/>\n<meta name=\"robots\" content=\"index, follow, max-snippet:-1, max-image-preview:large, max-video-preview:-1\" \/>\n<link rel=\"canonical\" href=\"https:\/\/www.mgsmfg.com\/es\/contactanos\/\" \/>\n<meta property=\"og:locale\" content=\"es_ES\" \/>\n<meta property=\"og:type\" content=\"article\" \/>\n<meta property=\"og:title\" content=\"Cont\u00e1ctanos | MGS Healthcare Manufacturing\" \/>\n<meta property=\"og:description\" content=\"Como empresa global de fabricaci\u00f3n en la industria del pl\u00e1stico, que atiende a una amplia variedad de sectores y aplicaciones, tenemos mucho que compartir. Cont\u00e1ctanos.\" \/>\n<meta property=\"og:url\" content=\"https:\/\/www.mgsmfg.com\/es\/contactanos\/\" \/>\n<meta property=\"og:site_name\" content=\"MGS Healthcare Manufacturing\" \/>\n<meta property=\"article:publisher\" content=\"https:\/\/www.facebook.com\/MGS-Mfg-Group-Inc-527848147407768\/\" \/>\n<meta property=\"article:modified_time\" content=\"2025-09-22T23:03:36+00:00\" \/>\n<meta property=\"og:image\" content=\"https:\/\/www.mgsmfg.com\/wp-content\/uploads\/2023\/11\/mgs-healthcare-manufacturing-featured-image-3.jpg\" \/>\n\t<meta property=\"og:image:width\" content=\"1200\" \/>\n\t<meta property=\"og:image:height\" content=\"675\" \/>\n\t<meta property=\"og:image:type\" content=\"image\/jpeg\" \/>\n<meta name=\"twitter:card\" content=\"summary_large_image\" \/>\n<meta name=\"twitter:label1\" content=\"Tiempo de lectura\" \/>\n\t<meta name=\"twitter:data1\" content=\"2 minutos\" \/>\n<script type=\"application\/ld+json\" class=\"yoast-schema-graph\">{\"@context\":\"https:\\\/\\\/schema.org\",\"@graph\":[{\"@type\":\"WebPage\",\"@id\":\"https:\\\/\\\/www.mgsmfg.com\\\/es\\\/contactanos\\\/\",\"url\":\"https:\\\/\\\/www.mgsmfg.com\\\/es\\\/contactanos\\\/\",\"name\":\"Cont\u00e1ctanos | MGS Healthcare Manufacturing\",\"isPartOf\":{\"@id\":\"https:\\\/\\\/mgsmfg.staging.tempurl.host\\\/#website\"},\"datePublished\":\"2018-07-25T10:30:09+00:00\",\"dateModified\":\"2025-09-22T23:03:36+00:00\",\"description\":\"Como empresa global de fabricaci\u00f3n en la industria del pl\u00e1stico, que atiende a una amplia variedad de sectores y aplicaciones, tenemos mucho que compartir. Cont\u00e1ctanos.\",\"breadcrumb\":{\"@id\":\"https:\\\/\\\/www.mgsmfg.com\\\/es\\\/contactanos\\\/#breadcrumb\"},\"inLanguage\":\"es\",\"potentialAction\":[{\"@type\":\"ReadAction\",\"target\":[\"https:\\\/\\\/www.mgsmfg.com\\\/es\\\/contactanos\\\/\"]}]},{\"@type\":\"BreadcrumbList\",\"@id\":\"https:\\\/\\\/www.mgsmfg.com\\\/es\\\/contactanos\\\/#breadcrumb\",\"itemListElement\":[{\"@type\":\"ListItem\",\"position\":1,\"name\":\"Home\",\"item\":\"https:\\\/\\\/www.mgsmfg.com\\\/es\\\/\"},{\"@type\":\"ListItem\",\"position\":2,\"name\":\"Cont\u00e1ctanos\",\"item\":\"https:\\\/\\\/www.mgsmfg.com\\\/es\\\/contactanos\\\/\"}]},{\"@type\":\"WebSite\",\"@id\":\"https:\\\/\\\/mgsmfg.staging.tempurl.host\\\/#website\",\"url\":\"https:\\\/\\\/mgsmfg.staging.tempurl.host\\\/\",\"name\":\"MGS\",\"description\":\"Imagination to Realization\",\"publisher\":{\"@id\":\"https:\\\/\\\/mgsmfg.staging.tempurl.host\\\/#organization\"},\"potentialAction\":[{\"@type\":\"SearchAction\",\"target\":{\"@type\":\"EntryPoint\",\"urlTemplate\":\"https:\\\/\\\/mgsmfg.staging.tempurl.host\\\/?s={search_term_string}\"},\"query-input\":{\"@type\":\"PropertyValueSpecification\",\"valueRequired\":true,\"valueName\":\"search_term_string\"}}],\"inLanguage\":\"es\"},{\"@type\":\"Organization\",\"@id\":\"https:\\\/\\\/mgsmfg.staging.tempurl.host\\\/#organization\",\"name\":\"MGS\",\"url\":\"https:\\\/\\\/mgsmfg.staging.tempurl.host\\\/\",\"logo\":{\"@type\":\"ImageObject\",\"inLanguage\":\"es\",\"@id\":\"https:\\\/\\\/mgsmfg.staging.tempurl.host\\\/#\\\/schema\\\/logo\\\/image\\\/\",\"url\":\"https:\\\/\\\/www.mgsmfg.com\\\/wp-content\\\/uploads\\\/2023\\\/11\\\/MGS-Logo-Horizontal-Final-RGB-450X90.png\",\"contentUrl\":\"https:\\\/\\\/www.mgsmfg.com\\\/wp-content\\\/uploads\\\/2023\\\/11\\\/MGS-Logo-Horizontal-Final-RGB-450X90.png\",\"width\":450,\"height\":90,\"caption\":\"MGS\"},\"image\":{\"@id\":\"https:\\\/\\\/mgsmfg.staging.tempurl.host\\\/#\\\/schema\\\/logo\\\/image\\\/\"},\"sameAs\":[\"https:\\\/\\\/www.facebook.com\\\/MGS-Mfg-Group-Inc-527848147407768\\\/\"]}]}<\/script>\n<!-- \/ Yoast SEO plugin. -->","yoast_head_json":{"title":"Cont\u00e1ctanos | MGS Healthcare Manufacturing","description":"Como empresa global de fabricaci\u00f3n en la industria del pl\u00e1stico, que atiende a una amplia variedad de sectores y aplicaciones, tenemos mucho que compartir. Cont\u00e1ctanos.","robots":{"index":"index","follow":"follow","max-snippet":"max-snippet:-1","max-image-preview":"max-image-preview:large","max-video-preview":"max-video-preview:-1"},"canonical":"https:\/\/www.mgsmfg.com\/es\/contactanos\/","og_locale":"es_ES","og_type":"article","og_title":"Cont\u00e1ctanos | MGS Healthcare Manufacturing","og_description":"Como empresa global de fabricaci\u00f3n en la industria del pl\u00e1stico, que atiende a una amplia variedad de sectores y aplicaciones, tenemos mucho que compartir. Cont\u00e1ctanos.","og_url":"https:\/\/www.mgsmfg.com\/es\/contactanos\/","og_site_name":"MGS Healthcare Manufacturing","article_publisher":"https:\/\/www.facebook.com\/MGS-Mfg-Group-Inc-527848147407768\/","article_modified_time":"2025-09-22T23:03:36+00:00","og_image":[{"width":1200,"height":675,"url":"https:\/\/www.mgsmfg.com\/wp-content\/uploads\/2023\/11\/mgs-healthcare-manufacturing-featured-image-3.jpg","type":"image\/jpeg"}],"twitter_card":"summary_large_image","twitter_misc":{"Tiempo de lectura":"2 minutos"},"schema":{"@context":"https:\/\/schema.org","@graph":[{"@type":"WebPage","@id":"https:\/\/www.mgsmfg.com\/es\/contactanos\/","url":"https:\/\/www.mgsmfg.com\/es\/contactanos\/","name":"Cont\u00e1ctanos | MGS Healthcare Manufacturing","isPartOf":{"@id":"https:\/\/mgsmfg.staging.tempurl.host\/#website"},"datePublished":"2018-07-25T10:30:09+00:00","dateModified":"2025-09-22T23:03:36+00:00","description":"Como empresa global de fabricaci\u00f3n en la industria del pl\u00e1stico, que atiende a una amplia variedad de sectores y aplicaciones, tenemos mucho que compartir. Cont\u00e1ctanos.","breadcrumb":{"@id":"https:\/\/www.mgsmfg.com\/es\/contactanos\/#breadcrumb"},"inLanguage":"es","potentialAction":[{"@type":"ReadAction","target":["https:\/\/www.mgsmfg.com\/es\/contactanos\/"]}]},{"@type":"BreadcrumbList","@id":"https:\/\/www.mgsmfg.com\/es\/contactanos\/#breadcrumb","itemListElement":[{"@type":"ListItem","position":1,"name":"Home","item":"https:\/\/www.mgsmfg.com\/es\/"},{"@type":"ListItem","position":2,"name":"Cont\u00e1ctanos","item":"https:\/\/www.mgsmfg.com\/es\/contactanos\/"}]},{"@type":"WebSite","@id":"https:\/\/mgsmfg.staging.tempurl.host\/#website","url":"https:\/\/mgsmfg.staging.tempurl.host\/","name":"MGS","description":"Imagination to Realization","publisher":{"@id":"https:\/\/mgsmfg.staging.tempurl.host\/#organization"},"potentialAction":[{"@type":"SearchAction","target":{"@type":"EntryPoint","urlTemplate":"https:\/\/mgsmfg.staging.tempurl.host\/?s={search_term_string}"},"query-input":{"@type":"PropertyValueSpecification","valueRequired":true,"valueName":"search_term_string"}}],"inLanguage":"es"},{"@type":"Organization","@id":"https:\/\/mgsmfg.staging.tempurl.host\/#organization","name":"MGS","url":"https:\/\/mgsmfg.staging.tempurl.host\/","logo":{"@type":"ImageObject","inLanguage":"es","@id":"https:\/\/mgsmfg.staging.tempurl.host\/#\/schema\/logo\/image\/","url":"https:\/\/www.mgsmfg.com\/wp-content\/uploads\/2023\/11\/MGS-Logo-Horizontal-Final-RGB-450X90.png","contentUrl":"https:\/\/www.mgsmfg.com\/wp-content\/uploads\/2023\/11\/MGS-Logo-Horizontal-Final-RGB-450X90.png","width":450,"height":90,"caption":"MGS"},"image":{"@id":"https:\/\/mgsmfg.staging.tempurl.host\/#\/schema\/logo\/image\/"},"sameAs":["https:\/\/www.facebook.com\/MGS-Mfg-Group-Inc-527848147407768\/"]}]}},"_links":{"self":[{"href":"https:\/\/www.mgsmfg.com\/es\/wp-json\/wp\/v2\/pages\/339523","targetHints":{"allow":["GET"]}}],"collection":[{"href":"https:\/\/www.mgsmfg.com\/es\/wp-json\/wp\/v2\/pages"}],"about":[{"href":"https:\/\/www.mgsmfg.com\/es\/wp-json\/wp\/v2\/types\/page"}],"author":[{"embeddable":true,"href":"https:\/\/www.mgsmfg.com\/es\/wp-json\/wp\/v2\/users\/1"}],"replies":[{"embeddable":true,"href":"https:\/\/www.mgsmfg.com\/es\/wp-json\/wp\/v2\/comments?post=339523"}],"version-history":[{"count":13,"href":"https:\/\/www.mgsmfg.com\/es\/wp-json\/wp\/v2\/pages\/339523\/revisions"}],"predecessor-version":[{"id":346588,"href":"https:\/\/www.mgsmfg.com\/es\/wp-json\/wp\/v2\/pages\/339523\/revisions\/346588"}],"wp:attachment":[{"href":"https:\/\/www.mgsmfg.com\/es\/wp-json\/wp\/v2\/media?parent=339523"}],"wp:term":[{"taxonomy":"difl_page_category","embeddable":true,"href":"https:\/\/www.mgsmfg.com\/es\/wp-json\/wp\/v2\/difl_page_category?post=339523"}],"curies":[{"name":"wp","href":"https:\/\/api.w.org\/{rel}","templated":true}]}}